{"id":988,"date":"2018-07-03T12:57:48","date_gmt":"2018-07-03T15:57:48","guid":{"rendered":"https:\/\/ealujan-bue.infd.edu.ar\/sitio\/materias-libres-artes-visuales\/"},"modified":"2024-06-24T14:10:17","modified_gmt":"2024-06-24T17:10:17","slug":"materias-libres-artes-visuales","status":"publish","type":"page","link":"https:\/\/ealujan-bue.infd.edu.ar\/sitio\/materias-libres-artes-visuales\/","title":{"rendered":"Materias libres Artes Visuales"},"content":{"rendered":"<p><strong>EN CUANTO AL REGIMEN DE ESTUDIANTES LIBRES:<\/strong><\/p>\n<p><strong>Se puede implementar en todos los espacios \u00a0quedando\u00a0exceptuados: TALLERES, SEMINARIOS, ATENEOS, ESPACIOS DE DEFINICI\u00d3N INSTITUCIONAL Y LOS CAMPOS DE LA PR\u00c1CTICA DOCENTE<\/strong>:<\/p>\n<p><strong>LA ELECCI\u00d3N PODR\u00c1 REALIZARSE POR EL ALUMNO<\/strong>\u00a0<strong>SIEMPRE QUE NO SUPERE EL 30% DE LOS ESPACIOS EN FORMATO MATERIA POR A\u00d1O EN EL DISE\u00d1O CURRICULAR. RESOLUCION 4043\/09.<\/strong><\/p>\n<p>LA EVALUACI\u00d3N LIBRE REQUIERE DOS INSTANCIAS DE EVALUACI\u00d3N:UNA INSTANCIA ESCRITA Y UNA INSTANCIA ORAL.\u00a0 LA CALIFICACI\u00d3N RESULTAR\u00c1 DEL PROMEDIO DE AMBAS. PARA LA ACREDITACI\u00d3N FINAL SE DEBE OBTENER 4 O M\u00c1S PUNTOS. RESOLUCION N\u00b0 4043\/09.<\/p>\n<p><strong>MATERIAS A RENDIR LIBRE PAV<\/strong><\/p>\n<p>1er a\u00f1o:<\/p>\n<ul>\n<li>Historia de las Artes Visuales 1<\/li>\n<li>Psicolog\u00eda en la Educaci\u00f3n 1<\/li>\n<li>Historia Social Gral.<\/li>\n<li>Lenguaje Visual 1<\/li>\n<li>Fundamentos de la Educaci\u00f3n<\/li>\n<\/ul>\n<p>2do a\u00f1o:<\/p>\n<ul>\n<li>Historia de las Artes Visuales 2<\/li>\n<li>Psicolog\u00eda en la Educaci\u00f3n 2<\/li>\n<li>Historia Sociopolitica de Latinoamerica y Argentina<\/li>\n<li>Lenguaje Visual 2<\/li>\n<li>Didactica Gral.<\/li>\n<\/ul>\n<p>3er a\u00f1o:<\/p>\n<ul>\n<li>Didactica de las Artes Visuales 1<\/li>\n<li>Teoria del Arte 1<\/li>\n<li>Historia de las Artes Visuales 3<\/li>\n<li>Politica Educativa<\/li>\n<li>Lenguaje Visual 3<\/li>\n<li>Medios Audiovisuales e Imagen Digital<\/li>\n<\/ul>\n<p>4to a\u00f1o:<\/p>\n<ul>\n<li>Didactica de las Artes Visuales 2<\/li>\n<li>Metodolog\u00eda de la investigaci\u00f3n<\/li>\n<li>Teor\u00eda del arte 2<\/li>\n<li>Artes Combinadas<\/li>\n<\/ul>\n","protected":false},"excerpt":{"rendered":"<p>EN CUANTO AL REGIMEN DE ESTUDIANTES LIBRES: Se puede implementar en todos los espacios \u00a0quedando\u00a0exceptuados: TALLERES, SEMINARIOS, ATENEOS, ESPACIOS DE DEFINICI\u00d3N INSTITUCIONAL Y LOS CAMPOS DE LA PR\u00c1CTICA DOCENTE: LA ELECCI\u00d3N PODR\u00c1 REALIZARSE POR EL ALUMNO\u00a0SIEMPRE QUE NO SUPERE EL 30% DE LOS ESPACIOS EN FORMATO MATERIA POR A\u00d1O EN EL DISE\u00d1O CURRICULAR. RESOLUCION 4043\/09. &#8230; <a title=\"Materias libres Artes Visuales\" class=\"read-more\" href=\"https:\/\/ealujan-bue.infd.edu.ar\/sitio\/materias-libres-artes-visuales\/\" aria-label=\"More on Materias libres Artes Visuales\">[+]<\/a><\/p>\n","protected":false},"author":337,"featured_media":0,"parent":0,"menu_order":0,"comment_status":"closed","ping_status":"closed","template":"","meta":[],"acf":[],"_links":{"self":[{"href":"https:\/\/ealujan-bue.infd.edu.ar\/sitio\/wp-json\/wp\/v2\/pages\/988"}],"collection":[{"href":"https:\/\/ealujan-bue.infd.edu.ar\/sitio\/wp-json\/wp\/v2\/pages"}],"about":[{"href":"https:\/\/ealujan-bue.infd.edu.ar\/sitio\/wp-json\/wp\/v2\/types\/page"}],"author":[{"embeddable":true,"href":"https:\/\/ealujan-bue.infd.edu.ar\/sitio\/wp-json\/wp\/v2\/users\/337"}],"replies":[{"embeddable":true,"href":"https:\/\/ealujan-bue.infd.edu.ar\/sitio\/wp-json\/wp\/v2\/comments?post=988"}],"version-history":[{"count":6,"href":"https:\/\/ealujan-bue.infd.edu.ar\/sitio\/wp-json\/wp\/v2\/pages\/988\/revisions"}],"predecessor-version":[{"id":4809,"href":"https:\/\/ealujan-bue.infd.edu.ar\/sitio\/wp-json\/wp\/v2\/pages\/988\/revisions\/4809"}],"wp:attachment":[{"href":"https:\/\/ealujan-bue.infd.edu.ar\/sitio\/wp-json\/wp\/v2\/media?parent=988"}],"curies":[{"name":"wp","href":"https:\/\/api.w.org\/{rel}","templated":true}]}}