{"id":952,"date":"2018-07-03T12:57:35","date_gmt":"2018-07-03T15:57:35","guid":{"rendered":"https:\/\/ealujan-bue.infd.edu.ar\/sitio\/mural-del-bicentenario\/"},"modified":"2018-11-08T11:56:45","modified_gmt":"2018-11-08T14:56:45","slug":"mural-del-bicentenario","status":"publish","type":"page","link":"https:\/\/ealujan-bue.infd.edu.ar\/sitio\/mural-del-bicentenario\/","title":{"rendered":"Mural del Bicentenario"},"content":{"rendered":"<p style=\"text-align: center;\"><strong><span style=\"font-size: 18pt;\">\u00a0PROYECTO MURAL DEL BICENTENARIO<\/span><\/strong><\/p>\n<p style=\"text-align: center;\"><strong><span style=\"font-size: 18pt;\">fotos del proceso<\/span><\/strong><\/p>\n<p style=\"text-align: center;\"><strong><span style=\"font-size: 18pt;\"><img decoding=\"async\" loading=\"lazy\" title=\"Bicentenario\" src=\"https:\/\/ealujan-bue.infd.edu.ar\/sitio\/wp-content\/uploads\/2018\/07\/1_3.jpg\" alt=\"Bicentenario\" width=\"425\" height=\"298\" border=\"0\" \/><\/span><\/strong><\/p>\n<p style=\"text-align: center;\"><strong><span style=\"font-size: 18pt;\"><img decoding=\"async\" loading=\"lazy\" title=\"Bicentenario\" src=\"https:\/\/ealujan-bue.infd.edu.ar\/sitio\/wp-content\/uploads\/2018\/07\/2_1.jpg\" alt=\"Bicentenario\" width=\"426\" height=\"300\" border=\"0\" \/><\/span><\/strong><\/p>\n<p style=\"text-align: center;\"><strong><span style=\"font-size: 18pt;\"><img decoding=\"async\" loading=\"lazy\" title=\"Bicentenario\" src=\"https:\/\/ealujan-bue.infd.edu.ar\/sitio\/wp-content\/uploads\/2018\/07\/3_1.jpg\" alt=\"Bicentenario\" width=\"424\" height=\"312\" border=\"0\" \/><\/span><\/strong><\/p>\n<p style=\"text-align: center;\"><strong><span style=\"font-size: 18pt;\"><img decoding=\"async\" loading=\"lazy\" title=\"Bicentenario\" src=\"https:\/\/ealujan-bue.infd.edu.ar\/sitio\/wp-content\/uploads\/2018\/07\/4_1.jpg\" alt=\"Bicentenario\" width=\"434\" height=\"324\" border=\"0\" \/><\/span><\/strong><\/p>\n<h2><span style=\"font-family: trebuchet ms,geneva;\"><a href=\"http:\/\/www.lujan.gov.ar\/prensa\/index.php?option=com_content&amp;view=article&amp;id=1941:graciela-rosso-autoridades-y-alumnos-de-la-escuela-de-arte-inauguraron-el-mural-del-bicentenario&amp;catid=76:noviembre-2011\"><span style=\"color: #333333;\"><img decoding=\"async\" loading=\"lazy\" style=\"display: block; margin-left: auto; margin-right: auto;\" title=\"Bicentenario\" src=\"https:\/\/ealujan-bue.infd.edu.ar\/sitio\/wp-content\/uploads\/2018\/07\/5_1.jpg\" alt=\"Bicentenario\" width=\"341\" height=\"254\" border=\"0\" \/><\/span><\/a><\/span><\/h2>\n<h2 style=\"text-align: center;\"><span style=\"font-family: trebuchet ms,geneva;\"><span style=\"color: #333333;\"><img decoding=\"async\" loading=\"lazy\" title=\"Bicentenario\" src=\"https:\/\/ealujan-bue.infd.edu.ar\/sitio\/wp-content\/uploads\/2018\/07\/6_1.jpg\" alt=\"Bicentenario\" width=\"338\" height=\"284\" border=\"0\" \/><\/span><\/span><\/h2>\n<h2 style=\"text-align: center;\"><span style=\"font-family: trebuchet ms,geneva;\"><span style=\"color: #333333;\"><img decoding=\"async\" loading=\"lazy\" title=\"Bicentenario\" src=\"https:\/\/ealujan-bue.infd.edu.ar\/sitio\/wp-content\/uploads\/2018\/07\/7.jpg\" alt=\"Bicentenario\" width=\"331\" height=\"279\" border=\"0\" \/><\/span><\/span><\/h2>\n<h2 style=\"text-align: center;\"><span style=\"font-family: trebuchet ms,geneva;\"><span style=\"color: #333333;\"><img decoding=\"async\" loading=\"lazy\" title=\"Bicentenario\" src=\"https:\/\/ealujan-bue.infd.edu.ar\/sitio\/wp-content\/uploads\/2018\/07\/8_1.jpg\" alt=\"Bicentenario\" width=\"336\" height=\"265\" border=\"0\" \/><\/span><\/span><\/h2>\n<h2 style=\"text-align: center;\"><span style=\"font-family: trebuchet ms,geneva;\"><span style=\"color: #333333;\"><img decoding=\"async\" loading=\"lazy\" title=\"Bicentenario\" src=\"https:\/\/ealujan-bue.infd.edu.ar\/sitio\/wp-content\/uploads\/2018\/07\/9_2.jpg\" alt=\"Bicentenario\" width=\"333\" height=\"238\" border=\"0\" \/><\/span><\/span><\/h2>\n<h2 style=\"text-align: center;\"><span style=\"font-family: trebuchet ms,geneva;\"><span style=\"color: #333333;\"><img decoding=\"async\" loading=\"lazy\" title=\"Bicentenario\" src=\"https:\/\/ealujan-bue.infd.edu.ar\/sitio\/wp-content\/uploads\/2018\/07\/10_1.jpg\" alt=\"Bicentenario\" width=\"343\" height=\"281\" border=\"0\" \/><\/span><\/span><\/h2>\n<h2 style=\"text-align: center;\"><span style=\"font-family: trebuchet ms,geneva; font-size: 10pt;\"><span style=\"color: #333333;\">Los protagonistas Juan Pablo Barboza, Jos\u00e9 Hern\u00e1n Villagra, Flavia Conedera, Jorge Villagra, Prof. Monica Morelli y Daniel Mora.<\/span><\/span><\/h2>\n<h2 style=\"text-align: center;\"><span style=\"font-family: trebuchet ms,geneva; font-size: 10pt;\"><span style=\"color: #333333;\"><img decoding=\"async\" loading=\"lazy\" title=\"Bicentenario\" src=\"https:\/\/ealujan-bue.infd.edu.ar\/sitio\/wp-content\/uploads\/2018\/07\/11_1.jpg\" alt=\"Bicentenario\" width=\"419\" height=\"290\" border=\"0\" \/><\/span><\/span><\/h2>\n<h2 style=\"text-align: center;\"><span style=\"font-family: trebuchet ms,geneva;\"><span style=\"color: #333333;\">GRACIELA ROSSO, AUTORIDADES Y ALUMNOS DE LA ESCUELA DE ARTE INAUGURARON EL MURAL DEL BICENTENARIO<\/span><\/span><\/h2>\n<p style=\"text-align: center;\"><span style=\"font-family: trebuchet ms,geneva;\"><strong><span style=\"color: #333333;\">Mi\u00e9rcoles 09 de Noviembre<\/span> de 2011 16:53<\/strong><\/span><\/p>\n<p style=\"text-align: center;\"><span style=\"font-family: trebuchet ms,geneva;\"><strong><img decoding=\"async\" loading=\"lazy\" title=\"Bicentenario\" src=\"https:\/\/ealujan-bue.infd.edu.ar\/sitio\/wp-content\/uploads\/2018\/07\/mural20small.jpg\" alt=\"Bicentenario\" width=\"421\" height=\"281\" border=\"0\" \/><\/strong><\/span><\/p>\n<p style=\"text-align: center;\"><span style=\"font-family: trebuchet ms,geneva; font-size: 12pt;\"><strong>Esta ma\u00f1ana en la calle Lezica y Torrezuri, entre Lavalle y 25 de mayo se inaugur\u00f3 la obra pict\u00f3rica realizada por egresados de la Escuela de Arte, al que se denomin\u00f3 Mural del Bicentenario. La responsable del proyecto fue la profesora M\u00f3nica Morelli y en el se reflejan hitos y personalidades fundamentales de los 200 a\u00f1os de nuestra historia que quedar\u00e1n plasmados en dicha obra, que se comenz\u00f3 a dar forma en el 2009 y a realizarla en marzo del 2010. Luego que Daniel Mora en nombre de los artistas autores y de diversas autoridades de la Escuela dirigieran su palabra al p\u00fablico asistente, hizo lo propio la Jefa Comunal que as\u00ed rese\u00f1\u00f3 su visi\u00f3n y la importancia del Mural del Bicentenario<\/strong><strong>.<\/strong><\/span><\/p>\n<p><span style=\"font-family: trebuchet ms,geneva;\">\u201cQuiero felicitar a todos los alumnos, profesionales ya, a los docentes, a la profesora Morelli por el trabajo, a la Directora de la Escuela de Arte, a Cristina, la Inspectora Distrital. Porque este proyecto empez\u00f3 con una reuni\u00f3n en la que se resolvi\u00f3 de que manera iba a contribuir cada instituci\u00f3n de Lujan a la celebraci\u00f3n del Bicentenario, tan importante para todos nosotros. Porque el Bicentenario de la Patria es plasmar en esa conmemoraci\u00f3n nuestra historia, pero tambi\u00e9n nuestro presente y proyectarnos hacia el futuro y en esta obra, en su contenido est\u00e1 guardado y tiene el valor de ser un mural, porque est\u00e1 en el espacio p\u00fablico. Un mural est\u00e1 donde todos los pueden ver y ver este contenido que ellos han elegido para celebrar la conmemoraci\u00f3n. Tiene un valor enorme y este trabajo de tantos meses tiene el valor del esfuerzo, porque es un trabajo voluntario, porque es un trabajo que nadie les rent\u00f3, porque lo hicieron con todo el amor precisamente puesto en la conmemoraci\u00f3n de la Patria. Y que tiene adem\u00e1s una pluralidad en su concepto y en su contenido que demuestra adem\u00e1s que la Patria somos todos y que en ella estamos todos contenidos porque todos juntos la construimos. Quiero felicitarlos a los alumnos, hoy, ya profesionales, a los docentes, a la docente que estuvo a cargo de esto, a la Directora de la Escuela y a todos los que contribuyeron para que esto sea posible. Y adem\u00e1s felicitarlos porque esto est\u00e1 en la v\u00eda p\u00fablica para que todos los que visitan Luj\u00e1n, los que vivimos en Luj\u00e1n puedan apreciarlo y puedan saber que quienes est\u00e1n aqu\u00ed, escritos sus nombres son los autores de esta hermosa obra de arte.\u201d<\/span><\/p>\n","protected":false},"excerpt":{"rendered":"<p>\u00a0PROYECTO MURAL DEL BICENTENARIO fotos del proceso Los protagonistas Juan Pablo Barboza, Jos\u00e9 Hern\u00e1n Villagra, Flavia Conedera, Jorge Villagra, Prof. Monica Morelli y Daniel Mora. GRACIELA ROSSO, AUTORIDADES Y ALUMNOS DE LA ESCUELA DE ARTE INAUGURARON EL MURAL DEL BICENTENARIO Mi\u00e9rcoles 09 de Noviembre de 2011 16:53 Esta ma\u00f1ana en la calle Lezica y Torrezuri, &#8230; <a title=\"Mural del Bicentenario\" class=\"read-more\" href=\"https:\/\/ealujan-bue.infd.edu.ar\/sitio\/mural-del-bicentenario\/\" aria-label=\"More on Mural del Bicentenario\">[+]<\/a><\/p>\n","protected":false},"author":337,"featured_media":0,"parent":0,"menu_order":0,"comment_status":"closed","ping_status":"closed","template":"","meta":[],"acf":[],"_links":{"self":[{"href":"https:\/\/ealujan-bue.infd.edu.ar\/sitio\/wp-json\/wp\/v2\/pages\/952"}],"collection":[{"href":"https:\/\/ealujan-bue.infd.edu.ar\/sitio\/wp-json\/wp\/v2\/pages"}],"about":[{"href":"https:\/\/ealujan-bue.infd.edu.ar\/sitio\/wp-json\/wp\/v2\/types\/page"}],"author":[{"embeddable":true,"href":"https:\/\/ealujan-bue.infd.edu.ar\/sitio\/wp-json\/wp\/v2\/users\/337"}],"replies":[{"embeddable":true,"href":"https:\/\/ealujan-bue.infd.edu.ar\/sitio\/wp-json\/wp\/v2\/comments?post=952"}],"version-history":[{"count":2,"href":"https:\/\/ealujan-bue.infd.edu.ar\/sitio\/wp-json\/wp\/v2\/pages\/952\/revisions"}],"predecessor-version":[{"id":1216,"href":"https:\/\/ealujan-bue.infd.edu.ar\/sitio\/wp-json\/wp\/v2\/pages\/952\/revisions\/1216"}],"wp:attachment":[{"href":"https:\/\/ealujan-bue.infd.edu.ar\/sitio\/wp-json\/wp\/v2\/media?parent=952"}],"curies":[{"name":"wp","href":"https:\/\/api.w.org\/{rel}","templated":true}]}}