{"id":924,"date":"2018-07-03T12:57:26","date_gmt":"2018-07-03T15:57:26","guid":{"rendered":"https:\/\/ealujan-bue.infd.edu.ar\/sitio\/equivalencias\/"},"modified":"2026-03-20T19:48:26","modified_gmt":"2026-03-20T22:48:26","slug":"equivalencias","status":"publish","type":"page","link":"https:\/\/ealujan-bue.infd.edu.ar\/sitio\/equivalencias\/","title":{"rendered":"Equivalencias"},"content":{"rendered":"<h1><span style=\"font-size: 16px;\">EQUIVALENCIAS\u00a0<\/span><\/h1>\n<h1>PRESENTACI\u00d3N DE LAS SOLICITUDES DE EQUIVALENCIAS\u00a0 2026 DEL 16 de MARZO AL 30 DE ABRIL<\/h1>\n<p><span style=\"font-size: 12pt;\"><span style=\"font-family: trebuchet ms,geneva;\"><span style=\"font-size: 14pt;\"><strong style=\"mso-bidi-font-weight: normal;\"><span lang=\"ES-MX\" style=\"mso-ansi-language: ES-MX;\">RAM 4196\/24 CAPITULO 10<\/span><\/strong><\/span><\/span><\/span><\/p>\n<p>10.1 Equivalencia autom\u00e1tica<br \/>\nSe otorgar\u00e1 equivalencia autom\u00e1tica cuando se trate de unidades curriculares con la<br \/>\nmisma denominaci\u00f3n y contenidos en los planes de estudio de las carreras vigentes en<br \/>\nla jurisdicci\u00f3n.<\/p>\n<p>Pautas para solicitud y acreditaci\u00f3n de unidades curriculares por equivalencia<br \/>\nautom\u00e1tica<br \/>\n\u25cf Solicitar mediante nota firmada, en la secretar\u00eda del instituto, antes del 30<br \/>\nde abril de cada a\u00f1o, el reconocimiento de equivalencias de unidades<br \/>\ncurriculares acreditadas en la misma o en otra instituci\u00f3n del nivel<br \/>\nsuperior de la jurisdicci\u00f3n<br \/>\n\u25cf Acompa\u00f1ar la solicitud con el certificado anal\u00edtico de estudios realizados<br \/>\n\u25cf Cursar la unidad curricular cuya acreditaci\u00f3n se solicita por equivalencia,<br \/>\nhasta tanto se le confirme fehacientemente que se le otorg\u00f3 lo solicitado.<br \/>\nFunciones de la instituci\u00f3n en el proceso de solicitud de equivalencias<br \/>\n\u25cf Informar a las y los estudiantes sobre el proceso de solicitud de<br \/>\nequivalencias durante el per\u00edodo de inscripci\u00f3n anual.<br \/>\n\u25cf Dentro de los 72 hs h\u00e1biles de recibida la documentaci\u00f3n, el equipo<br \/>\ndirectivo resolver\u00e1 la solicitud y notificar\u00e1 a la o el estudiante. En caso de<br \/>\nla denegaci\u00f3n por no ser igual denominaci\u00f3n y contenido seg\u00fan los<br \/>\ndise\u00f1os curriculares de la jurisdicci\u00f3n, se orientar\u00e1 para que la persona<br \/>\ninteresada realice el procedimiento indicado en el \u00edtem 12.2<br \/>\n\u25cf Confeccionar el acta de aceptaci\u00f3n\/denegaci\u00f3n de equivalencia<br \/>\nautom\u00e1tica.<br \/>\n\u25cf Registrar en el Libro de Equivalencias del establecimiento.<br \/>\n10.2 Equivalencia total o parcial<br \/>\nSe podr\u00e1n acreditar unidades curriculares mediante equivalencia. La equivalencia de UC<br \/>\npodr\u00e1 ser completa o parcial. En ambos casos, se ponderan los saberes acreditados en<br \/>\ncarreras del nivel superior reconocidas.<br \/>\nPautas para solicitud y acreditaci\u00f3n de unidades curriculares por<br \/>\nequivalencias<br \/>\nPara solicitar la acreditaci\u00f3n por equivalencia, la\/el estudiante deber\u00e1:<br \/>\n\u25cf Solicitar mediante nota firmada, en la secretar\u00eda del instituto, antes del 30<br \/>\nde abril de cada a\u00f1o, el reconocimiento de equivalencias de unidades<br \/>\ncurriculares acreditadas en la misma instituci\u00f3n o en otra instituci\u00f3n<br \/>\neducativa de Nivel Superior reconocida oficialmente.<br \/>\n\u25cf Acompa\u00f1ar la solicitud con el certificado anal\u00edtico de estudios realizados y<br \/>\nlos programas que correspondan, en los que conste carga horaria,<br \/>\ncontenidos y bibliograf\u00eda, de las unidades curriculares en las que solicita<br \/>\nequivalencia.<br \/>\n\u25cf La documentaci\u00f3n deber\u00e1 estar foliada, con firma y sello de las<br \/>\nautoridades de la instituci\u00f3n emisora.<br \/>\n\u25cf Cursar la unidad curricular cuya acreditaci\u00f3n se solicita por equivalencia,<br \/>\nhasta tanto se le confirme fehacientemente que se le otorg\u00f3 lo solicitado.<br \/>\n17<br \/>\n\u25cf Cumplir con los requerimientos acad\u00e9micos que se establezcan en el caso<br \/>\nde una equivalencia parcial.<br \/>\nFunciones de la instituci\u00f3n en el proceso de solicitud de equivalencias<br \/>\n\u25cf Informar a las y los estudiantes sobre el proceso de solicitud de<br \/>\nequivalencias durante el per\u00edodo de inscripci\u00f3n anual.<br \/>\n\u25cf Dentro de los diez d\u00edas h\u00e1biles de recibida la documentaci\u00f3n, el equipo<br \/>\ndocente deber\u00e1 analizar la propuesta pedag\u00f3gica presentada por la o el<br \/>\nestudiante y emitir criterio, debidamente fundamentado, respecto del<br \/>\notorgamiento de la acreditaci\u00f3n total o parcial o bien del rechazo de la<br \/>\nsolicitud.<br \/>\n\u25cf Confeccionar el acta de aceptaci\u00f3n\/denegaci\u00f3n de equivalencia<br \/>\n\u25cf Si la equivalencia es total, se registrar\u00e1 en el Libro de Equivalencias del<br \/>\nestablecimiento.<br \/>\n\u25cf Si la equivalencia es parcial, deber\u00e1n consignar las caracter\u00edsticas del<br \/>\ntrayecto de acreditaci\u00f3n y la fecha para una entrevista consignando d\u00eda y<br \/>\nhora. Todo esto no deber\u00e1 exceder la finalizaci\u00f3n del ciclo lectivo.<br \/>\nDeber\u00e1 labrarse el acta respectiva de todo lo actuado en esta equivalencia<br \/>\nparcial e informar por escrito a la o el estudiante las condiciones y plazos que<br \/>\ndebe cumplir.<br \/>\nUna vez cumplimentadas las acciones complementarias del trayecto de<br \/>\nacreditaci\u00f3n, en los plazos correspondientes, se registrar\u00e1 la aprobaci\u00f3n de la<br \/>\nequivalencia en el Libro de Equivalencias del establecimiento, consignando<br \/>\nAcreditado por Equivalencia y la calificaci\u00f3n num\u00e9rica seg\u00fan correspondiere<br \/>\na la decisi\u00f3n tomada por el equipo docente.<br \/>\nEn caso de desaprobar las acciones complementarias del trayecto de<br \/>\nacreditaci\u00f3n o de no presentarse, se har\u00e1 constar esta situaci\u00f3n en el Libro de<br \/>\nEquivalencias.<br \/>\n\u25cf Confeccionar el acta de aceptaci\u00f3n\/denegaci\u00f3n de equivalencia<br \/>\nautom\u00e1tica.<br \/>\n\u25cf Registrar en el Libro de Equivalencias del establecimiento.<\/p>\n<p class=\"MsoBodyText\" style=\"margin: 0cm 0cm 0pt; text-align: left;\"><strong style=\"mso-bidi-font-weight: normal;\"><span lang=\"ES-MX\"><span style=\"font-size: 12pt;\"><span style=\"font-family: trebuchet ms,geneva;\"><span style=\"font-size: 12pt;\"><span style=\"mso-spacerun: yes;\">Documentaci\u00f3n a presentar:<br \/>\nPlanilla I\u00a0<a href=\"https:\/\/ealujan-bue.infd.edu.ar\/sitio\/wp-content\/uploads\/2019\/02\/A14.pdf\">A14<\/a><br \/>\nFotocopia del DNI<br \/>\nFotocopia del certificado anal\u00edtico<br \/>\nCertificado de las materias aprobadas donde conste:<br \/>\nLibro-Folio-Nota y fecha de aprobaci\u00f3n de la materia solicitada certificada por autoridad competente (todo en un folio)<br \/>\nUn folio por materia solicitada donde se presente:<br \/>\nLa planilla II <a href=\"https:\/\/ealujan-bue.infd.edu.ar\/sitio\/wp-content\/uploads\/2019\/02\/A14a.pdf\">A14a<\/a>\u00a0(debidamente cumplimentada una por asignatura solicitada)<br \/>\nFotocopia del programa de la materia aprobada y de la materia solicitada.\u00a0 <\/span><\/span><\/span><\/span><\/span><\/strong><\/p>\n<p class=\"MsoBodyText\" style=\"margin: 0cm 0cm 0pt; text-align: left;\">\n","protected":false},"excerpt":{"rendered":"<p>EQUIVALENCIAS\u00a0 PRESENTACI\u00d3N DE LAS SOLICITUDES DE EQUIVALENCIAS\u00a0 2026 DEL 16 de MARZO AL 30 DE ABRIL RAM 4196\/24 CAPITULO 10 10.1 Equivalencia autom\u00e1tica Se otorgar\u00e1 equivalencia autom\u00e1tica cuando se trate de unidades curriculares con la misma denominaci\u00f3n y contenidos en los planes de estudio de las carreras vigentes en la jurisdicci\u00f3n. Pautas para solicitud y &#8230; <a title=\"Equivalencias\" class=\"read-more\" href=\"https:\/\/ealujan-bue.infd.edu.ar\/sitio\/equivalencias\/\" aria-label=\"More on Equivalencias\">[+]<\/a><\/p>\n","protected":false},"author":337,"featured_media":0,"parent":0,"menu_order":0,"comment_status":"closed","ping_status":"closed","template":"","meta":[],"acf":[],"_links":{"self":[{"href":"https:\/\/ealujan-bue.infd.edu.ar\/sitio\/wp-json\/wp\/v2\/pages\/924"}],"collection":[{"href":"https:\/\/ealujan-bue.infd.edu.ar\/sitio\/wp-json\/wp\/v2\/pages"}],"about":[{"href":"https:\/\/ealujan-bue.infd.edu.ar\/sitio\/wp-json\/wp\/v2\/types\/page"}],"author":[{"embeddable":true,"href":"https:\/\/ealujan-bue.infd.edu.ar\/sitio\/wp-json\/wp\/v2\/users\/337"}],"replies":[{"embeddable":true,"href":"https:\/\/ealujan-bue.infd.edu.ar\/sitio\/wp-json\/wp\/v2\/comments?post=924"}],"version-history":[{"count":9,"href":"https:\/\/ealujan-bue.infd.edu.ar\/sitio\/wp-json\/wp\/v2\/pages\/924\/revisions"}],"predecessor-version":[{"id":6533,"href":"https:\/\/ealujan-bue.infd.edu.ar\/sitio\/wp-json\/wp\/v2\/pages\/924\/revisions\/6533"}],"wp:attachment":[{"href":"https:\/\/ealujan-bue.infd.edu.ar\/sitio\/wp-json\/wp\/v2\/media?parent=924"}],"curies":[{"name":"wp","href":"https:\/\/api.w.org\/{rel}","templated":true}]}}