{"id":922,"date":"2018-07-03T12:57:26","date_gmt":"2018-07-03T15:57:26","guid":{"rendered":"https:\/\/ealujan-bue.infd.edu.ar\/sitio\/ingreso-y-matriculacion\/"},"modified":"2024-11-13T11:07:23","modified_gmt":"2024-11-13T14:07:23","slug":"ingreso-y-matriculacion","status":"publish","type":"page","link":"https:\/\/ealujan-bue.infd.edu.ar\/sitio\/ingreso-y-matriculacion\/","title":{"rendered":"Ingreso y matriculaci\u00f3n"},"content":{"rendered":"<p><strong>PARA CONFORMAR EL LEGAJO DE LOS ALUMNOS DEBERAN PRESENTAR:<\/strong><\/p>\n<ul>\n<li><span style=\"color: #333333; font-size: 10pt; font-family: 'trebuchet ms', geneva;\">Fotocopia de DNI<\/span><\/li>\n<li><span style=\"font-family: trebuchet ms,geneva;\"><span style=\"font-size: 10pt;\"><span style=\"color: #333333;\">Fotocopia de titulo secundario o certificado si est\u00e1s terminando de cursar.<\/span><\/span><\/span><\/li>\n<li><span style=\"font-family: trebuchet ms,geneva;\"><span style=\"font-size: 10pt;\"><span style=\"color: #333333;\">2 fotos carnet<\/span><\/span><\/span><\/li>\n<li><span style=\"color: #000000;\"><span style=\"font-family: trebuchet ms,geneva;\"><span style=\"font-size: 10pt;\">Certificado <span style=\"font-family: 'trebuchet ms', geneva;\">Psicof\u00ecsico pag 1 y 2 <a href=\"https:\/\/ealujan-bue.infd.edu.ar\/sitio\/wp-content\/uploads\/2024\/08\/Psicofisico-2024-hoja1-Y-2.pdf\">(descargar aqui)<\/a><\/span><\/span><\/span><\/span><\/li>\n<li><a href=\"https:\/\/ealujan-bue.infd.edu.ar\/sitio\/wp-content\/uploads\/2022\/08\/Ficha-Foniatrica.pdf\"><span style=\"font-family: trebuchet ms,geneva;\"><span style=\"font-size: 10pt;\"><span style=\"color: #333333;\">Ficha Foniatrica <span style=\"color: #3366ff;\">(descargar aqui)<\/span><\/span><\/span><\/span><\/a><\/li>\n<li><span style=\"font-family: trebuchet ms,geneva;\"><span style=\"font-size: 10pt;\"><span style=\"color: #333333;\">Antitet\u00e1nica<\/span><\/span><\/span><\/li>\n<\/ul>\n<ol>\n<li><span lang=\"ES-AR\" style=\"font-size: 12pt; mso-ansi-language: ES-AR; mso-bidi-font-family: Arial;\"><span style=\"font-family: trebuchet ms,geneva;\">Poseer titulo y\/o certificado de estudios habilitante para el nivel o carrera,\u00a0 registrado en la Direcci\u00f3n General de Cultura y Educaci\u00f3n de la Provincia de Bs. As, salvo el supuesto previsto para los aspirantes extranjeros.<\/span><\/span><\/li>\n<li><del><span lang=\"ES-AR\" style=\"font-size: 12pt; mso-ansi-language: ES-AR; mso-bidi-font-family: Arial;\"><span style=\"font-family: trebuchet ms,geneva;\">Aprobar el Curso Inicial. Los aspirantes, ser\u00e1n inscriptos como alumnos conforme el resultado del orden de m\u00e9rito, hasta tanto quedar\u00e1n pre-inscriptos. Para los Servicios dependientes de la Direcci\u00f3n de Educaci\u00f3n Art\u00edstica la aprobaci\u00f3n del Curso como condici\u00f3n de ingreso ser\u00e1 resuelto por la misma. <\/span><\/span><\/del><\/li>\n<li><span lang=\"ES-AR\" style=\"font-size: 12pt; mso-ansi-language: ES-AR; mso-bidi-font-family: Arial;\"><span style=\"font-family: trebuchet ms,geneva;\">Acreditar <a href=\"https:\/\/ealujan-bue.infd.edu.ar\/sitio\/wp-content\/uploads\/2024\/08\/Psicofisico-2024-hoja1-Y-2.pdf\">actitud psicof\u00edsica<\/a>, mediante certificado expedido por autoridad competente. El ingreso a carreras que por su especificidad requieran condiciones psico-f\u00edsicas determinadas, se regir\u00e1 por Disposiciones que atender\u00e1n los aspectos vinculados al dise\u00f1o curricular de la carrera.<\/span><\/span><\/li>\n<li><span lang=\"ES-AR\" style=\"font-size: 12pt; mso-ansi-language: ES-AR; mso-bidi-font-family: Arial;\"><span style=\"font-family: trebuchet ms,geneva;\">Presentar fotocopia del certificado de estudios registrado o de constancia original de t\u00edtulo en tr\u00e1mite, fotocopia de las dos primeras p\u00e1ginas del DNI y dos fotograf\u00edas 4&#215;4, en el momento de la matriculaci\u00f3n, el que no podr\u00e1 extenderse m\u00e1s all\u00e1 del 30 de marzo. Los alumnos extranjeros se ajustar\u00e1n a los fines de su matriculaci\u00f3n a lo que resulte de los convenios vigentes en la materia y a la legislaci\u00f3n aplicable para ellos.<\/span><\/span><\/li>\n<li><span lang=\"ES-AR\" style=\"font-size: 12pt; mso-ansi-language: ES-AR; mso-bidi-font-family: Arial;\"><span style=\"font-family: trebuchet ms,geneva;\">Los aspirantes que posean t\u00edtulos expedidos en el extranjero se ajustar\u00e1n a lo establecido en los convenios internacionales vigentes.<\/span><\/span><\/li>\n<li><span lang=\"ES-AR\" style=\"font-size: 12pt; mso-ansi-language: ES-AR; mso-bidi-font-family: Arial;\"><span style=\"font-family: trebuchet ms,geneva;\">Los aspirantes extranjeros se ajustar\u00e1n a lo establecido en las leyes y reglamentaciones nacionales vigentes, dej\u00e1ndose establecido que la posibilidad de cursar estudios no trae aparejado para los mismos el derecho al ejercicio profesional, quedando supeditado el ejercicio de la docencia u otras profesiones a lo establecido por las legislaciones de aplicaci\u00f3n en cada caso.<\/span><\/span><\/li>\n<li><span style=\"font-family: trebuchet ms,geneva;\"><span lang=\"ES-AR\" style=\"font-size: 12pt; mso-ansi-language: ES-AR; mso-bidi-font-family: Arial;\">Para los Servicios de Gesti\u00f3n Privada deber\u00e1n cumplirse las pautas administrativas fijadas por la reglamentaci\u00f3n especifica. <\/span><\/span><\/li>\n<\/ol>\n","protected":false},"excerpt":{"rendered":"<p>PARA CONFORMAR EL LEGAJO DE LOS ALUMNOS DEBERAN PRESENTAR: Fotocopia de DNI Fotocopia de titulo secundario o certificado si est\u00e1s terminando de cursar. 2 fotos carnet Certificado Psicof\u00ecsico pag 1 y 2 (descargar aqui) Ficha Foniatrica (descargar aqui) Antitet\u00e1nica Poseer titulo y\/o certificado de estudios habilitante para el nivel o carrera,\u00a0 registrado en la Direcci\u00f3n &#8230; <a title=\"Ingreso y matriculaci\u00f3n\" class=\"read-more\" href=\"https:\/\/ealujan-bue.infd.edu.ar\/sitio\/ingreso-y-matriculacion\/\" aria-label=\"More on Ingreso y matriculaci\u00f3n\">[+]<\/a><\/p>\n","protected":false},"author":337,"featured_media":0,"parent":0,"menu_order":0,"comment_status":"closed","ping_status":"closed","template":"","meta":[],"acf":[],"_links":{"self":[{"href":"https:\/\/ealujan-bue.infd.edu.ar\/sitio\/wp-json\/wp\/v2\/pages\/922"}],"collection":[{"href":"https:\/\/ealujan-bue.infd.edu.ar\/sitio\/wp-json\/wp\/v2\/pages"}],"about":[{"href":"https:\/\/ealujan-bue.infd.edu.ar\/sitio\/wp-json\/wp\/v2\/types\/page"}],"author":[{"embeddable":true,"href":"https:\/\/ealujan-bue.infd.edu.ar\/sitio\/wp-json\/wp\/v2\/users\/337"}],"replies":[{"embeddable":true,"href":"https:\/\/ealujan-bue.infd.edu.ar\/sitio\/wp-json\/wp\/v2\/comments?post=922"}],"version-history":[{"count":4,"href":"https:\/\/ealujan-bue.infd.edu.ar\/sitio\/wp-json\/wp\/v2\/pages\/922\/revisions"}],"predecessor-version":[{"id":5137,"href":"https:\/\/ealujan-bue.infd.edu.ar\/sitio\/wp-json\/wp\/v2\/pages\/922\/revisions\/5137"}],"wp:attachment":[{"href":"https:\/\/ealujan-bue.infd.edu.ar\/sitio\/wp-json\/wp\/v2\/media?parent=922"}],"curies":[{"name":"wp","href":"https:\/\/api.w.org\/{rel}","templated":true}]}}