{"id":906,"date":"2018-07-03T12:57:21","date_gmt":"2018-07-03T15:57:21","guid":{"rendered":"https:\/\/ealujan-bue.infd.edu.ar\/sitio\/plan-de-estudios\/"},"modified":"2025-08-20T19:30:53","modified_gmt":"2025-08-20T22:30:53","slug":"plan-de-estudios","status":"publish","type":"page","link":"https:\/\/ealujan-bue.infd.edu.ar\/sitio\/plan-de-estudios\/","title":{"rendered":"Plan de estudios Dise\u00f1o Grafico"},"content":{"rendered":"<p style=\"text-align: center;\"><strong><span style=\"font-family: trebuchet ms,geneva;\"><span style=\"font-size: 12pt;\"><span style=\"color: #333399;\">Tecnicatura en Dise\u00f1o Gr\u00e1fico (RES. 13253\/99)<\/span><\/span><\/span><\/strong><\/p>\n<p style=\"text-align: center;\"><span style=\"color: #800000;\"><span style=\"font-size: 10pt;\"><span style=\"font-family: trebuchet ms,geneva;\"><strong>1<\/strong><strong><sup>er<\/sup> A\u00f1o<\/strong><\/span><\/span><\/span><\/p>\n<p style=\"text-align: center;\">\n<table style=\"background-color: #87cefa; height: 2px; border: #000066 1px solid;\" border=\"1\" width=\"97%\" cellspacing=\"1\" cellpadding=\"0\">\n<tbody>\n<tr>\n<td width=\"23%\">\n<p style=\"text-align: center;\"><strong><span style=\"color: #800000;\"><span style=\"font-size: 10pt;\"><span style=\"font-family: trebuchet ms,geneva;\">\u00c1rea de la Producci\u00f3n<\/span><\/span><\/span><\/strong><\/p>\n<\/td>\n<td width=\"26%\">\n<p style=\"text-align: center;\"><strong><span style=\"color: #800000;\"><span style=\"font-size: 10pt;\"><span style=\"font-family: trebuchet ms,geneva;\">\u00c1rea de Lenguaje<\/span><\/span><\/span><\/strong><\/p>\n<\/td>\n<td width=\"26%\">\n<p style=\"text-align: center;\"><strong><span style=\"color: #800000;\"><span style=\"font-size: 10pt;\"><span style=\"font-family: trebuchet ms,geneva;\">\u00c1rea de Vinculaciones Contextuales<\/span><\/span><\/span><\/strong><\/p>\n<\/td>\n<td width=\"23%\">\n<p style=\"text-align: center;\"><strong><span style=\"color: #800000;\"><span style=\"font-size: 10pt;\"><span style=\"font-family: trebuchet ms,geneva;\">Espacio Institucional<\/span><\/span><\/span><\/strong><\/p>\n<\/td>\n<\/tr>\n<tr>\n<td width=\"23%\">\n<p style=\"text-align: center;\"><span style=\"font-size: 10pt;\"><span style=\"font-family: trebuchet ms,geneva;\"><span style=\"color: #333399;\">Tipograf\u00eda I<\/span><\/span><\/span><\/p>\n<\/td>\n<td width=\"26%\">\n<p style=\"text-align: center;\"><span style=\"font-size: 10pt;\"><span style=\"font-family: trebuchet ms,geneva;\"><span style=\"color: #333399;\">Percepci\u00f3n Visual<\/span><\/span><\/span><\/p>\n<\/td>\n<td width=\"26%\">\n<p style=\"text-align: center;\"><span style=\"font-size: 10pt;\"><span style=\"font-family: trebuchet ms,geneva;\"><span style=\"color: #333399;\">Historia del Arte y el Dise\u00f1o<\/span><\/span><\/span><\/p>\n<\/td>\n<td rowspan=\"3\" width=\"23%\">\n<p style=\"text-align: center;\"><span style=\"font-size: 10pt;\"><span style=\"font-family: trebuchet ms,geneva;\"><span style=\"color: #333399;\">Espacio institucional<\/span><\/span><\/span><\/p>\n<\/td>\n<\/tr>\n<tr>\n<td width=\"23%\">\n<p style=\"text-align: center;\"><span style=\"font-size: 10pt;\"><span style=\"font-family: trebuchet ms,geneva;\"><span style=\"color: #333399;\">Dibujo<\/span><\/span><\/span><\/p>\n<\/td>\n<td rowspan=\"2\" width=\"26%\">\n<p style=\"text-align: center;\"><span style=\"font-size: 10pt;\"><span style=\"font-family: trebuchet ms,geneva;\"><span style=\"color: #333399;\">Taller de Texto<\/span><\/span><\/span><\/p>\n<\/td>\n<td rowspan=\"2\" width=\"26%\">\n<p style=\"text-align: center;\"><span style=\"font-size: 10pt;\"><span style=\"font-family: trebuchet ms,geneva;\"><span style=\"color: #333399;\">Comunicaci\u00f3n<\/span><\/span><\/span><\/p>\n<\/td>\n<\/tr>\n<tr>\n<td width=\"23%\">\n<p style=\"text-align: center;\"><span style=\"font-size: 10pt;\"><span style=\"font-family: trebuchet ms,geneva;\"><span style=\"color: #333399;\">Gr\u00e1fica Asistida por Computadora I<\/span><\/span><\/span><\/p>\n<\/td>\n<\/tr>\n<tr>\n<td colspan=\"4\" width=\"100%\">\n<p style=\"text-align: center;\"><span style=\"font-size: 10pt;\"><span style=\"font-family: trebuchet ms,geneva;\"><span style=\"color: #333399;\">Taller de Dise\u00f1o I<\/span><\/span><\/span><\/p>\n<\/td>\n<\/tr>\n<\/tbody>\n<\/table>\n<p style=\"text-align: center;\"><span style=\"font-family: trebuchet ms,geneva;\">\u00a0<strong><span style=\"color: #800000;\"><span style=\"font-size: 10pt;\">2\u00ba A\u00f1o<\/span><\/span><\/strong><\/span><\/p>\n<p style=\"text-align: center;\">\n<table style=\"background-color: #87cefa; height: 2px; border: #000066 1px solid;\" border=\"1\" width=\"97%\" cellspacing=\"1\" cellpadding=\"0\">\n<tbody>\n<tr>\n<td width=\"23%\">\n<p style=\"text-align: center;\"><strong><span style=\"color: #800000;\"><span style=\"font-size: 10pt;\"><span style=\"font-family: trebuchet ms,geneva;\">\u00c1rea de la Producci\u00f3n<\/span><\/span><\/span><\/strong><\/p>\n<\/td>\n<td width=\"26%\">\n<p style=\"text-align: center;\"><strong><span style=\"color: #800000;\"><span style=\"font-size: 10pt;\"><span style=\"font-family: trebuchet ms,geneva;\">\u00c1rea de Lenguaje<\/span><\/span><\/span><\/strong><\/p>\n<\/td>\n<td width=\"26%\">\n<p style=\"text-align: center;\"><strong><span style=\"color: #800000;\"><span style=\"font-size: 10pt;\"><span style=\"font-family: trebuchet ms,geneva;\">\u00c1rea de Vinculaciones Contextuales<\/span><\/span><\/span><\/strong><\/p>\n<\/td>\n<td width=\"23%\">\n<p style=\"text-align: center;\"><strong><span style=\"color: #800000;\"><span style=\"font-size: 10pt;\"><span style=\"font-family: trebuchet ms,geneva;\">Espacio Institucional<\/span><\/span><\/span><\/strong><\/p>\n<\/td>\n<\/tr>\n<tr>\n<td width=\"23%\">\n<p style=\"text-align: center;\"><span style=\"font-size: 10pt;\"><span style=\"font-family: trebuchet ms,geneva;\"><span style=\"color: #333399;\">Tipograf\u00eda II<\/span><\/span><\/span><\/p>\n<\/td>\n<td rowspan=\"3\" width=\"26%\">\n<p style=\"text-align: center;\"><span style=\"font-size: 10pt;\"><span style=\"font-family: trebuchet ms,geneva;\"><span style=\"color: #333399;\">Semiolog\u00eda de la imagen<\/span><\/span><\/span><\/p>\n<\/td>\n<td width=\"26%\">\n<p style=\"text-align: center;\"><span style=\"font-size: 10pt;\"><span style=\"font-family: trebuchet ms,geneva;\"><span style=\"color: #333399;\">Historia del Dise\u00f1o<\/span><\/span><\/span><\/p>\n<\/td>\n<td rowspan=\"3\" width=\"23%\">\n<p style=\"text-align: center;\"><span style=\"font-size: 10pt;\"><span style=\"font-family: trebuchet ms,geneva;\"><span style=\"color: #333399;\">Espacio Institucional<\/span><\/span><\/span><\/p>\n<\/td>\n<\/tr>\n<tr>\n<td width=\"23%\">\n<p style=\"text-align: center;\"><span style=\"font-size: 10pt;\"><span style=\"font-family: trebuchet ms,geneva;\"><span style=\"color: #333399;\">Tecnolog\u00eda I<\/span><\/span><\/span><\/p>\n<\/td>\n<td rowspan=\"2\" width=\"26%\">\n<p style=\"text-align: center;\"><span style=\"font-size: 10pt;\"><span style=\"font-family: trebuchet ms,geneva;\"><span style=\"color: #333399;\">Organizaci\u00f3n de las Instituciones<\/span><\/span><\/span><\/p>\n<\/td>\n<\/tr>\n<tr>\n<td width=\"23%\">\n<p style=\"text-align: center;\"><span style=\"font-size: 10pt;\"><span style=\"font-family: trebuchet ms,geneva;\"><span style=\"color: #333399;\">Gr\u00e1fica Asistida por Computadora II<\/span><\/span><\/span><\/p>\n<\/td>\n<\/tr>\n<tr>\n<td colspan=\"4\" width=\"100%\">\n<p style=\"text-align: center;\"><span style=\"font-size: 10pt;\"><span style=\"font-family: trebuchet ms,geneva;\"><span style=\"color: #333399;\">Taller de Dise\u00f1o II<\/span><\/span><\/span><\/p>\n<\/td>\n<\/tr>\n<\/tbody>\n<\/table>\n<p style=\"text-align: center;\"><span style=\"font-size: 10pt;\"><span style=\"font-family: trebuchet ms,geneva;\">\u00a0<strong><span style=\"color: #800000;\">3<sup>er<\/sup> A\u00f1o<\/span><\/strong><\/span><\/span><\/p>\n<p style=\"text-align: center;\">\n<table style=\"background-color: #87cefa; height: 2px; border: #000066 1px solid;\" border=\"1\" width=\"97%\" cellspacing=\"1\" cellpadding=\"0\">\n<tbody>\n<tr>\n<td width=\"50%\">\n<p style=\"text-align: center;\"><strong><span style=\"color: #800000;\"><span style=\"font-size: 10pt;\"><span style=\"font-family: trebuchet ms,geneva;\">\u00c1rea de la Producci\u00f3n &#8211; Lenguaje y Recepci\u00f3n<\/span><\/span><\/span><\/strong><\/p>\n<\/td>\n<td width=\"26%\">\n<p style=\"text-align: center;\"><strong><span style=\"color: #800000;\"><span style=\"font-size: 10pt;\"><span style=\"font-family: trebuchet ms,geneva;\">\u00c1rea de Vinculaciones Contextuales<\/span><\/span><\/span><\/strong><\/p>\n<\/td>\n<td width=\"23%\">\n<p style=\"text-align: center;\"><strong><span style=\"color: #800000;\"><span style=\"font-size: 10pt;\"><span style=\"font-family: trebuchet ms,geneva;\">Espacio Institucional<\/span><\/span><\/span><\/strong><\/p>\n<\/td>\n<\/tr>\n<tr>\n<td width=\"50%\">\n<p style=\"text-align: center;\"><span style=\"font-size: 10pt;\"><span style=\"font-family: trebuchet ms,geneva;\"><span style=\"color: #333399;\">Taller Multimedia<\/span><\/span><\/span><\/p>\n<\/td>\n<td width=\"26%\">\n<p style=\"text-align: center;\"><span style=\"font-size: 10pt;\"><span style=\"font-family: trebuchet ms,geneva;\"><span style=\"color: #333399;\">Sociolog\u00eda de la comunicaci\u00f3n<\/span><\/span><\/span><\/p>\n<\/td>\n<td rowspan=\"2\" width=\"23%\">\n<p style=\"text-align: center;\"><span style=\"font-size: 10pt;\"><span style=\"font-family: trebuchet ms,geneva;\"><span style=\"color: #333399;\">Espacio Institucional<\/span><\/span><\/span><\/p>\n<\/td>\n<\/tr>\n<tr>\n<td style=\"text-align: center;\" width=\"50%\"><span style=\"font-size: 10pt;\"><span style=\"font-family: trebuchet ms,geneva;\"><span style=\"color: #333399;\">Fotograf\u00eda\u00a0<\/span><\/span><\/span><\/p>\n<h6 style=\"text-align: center;\">Tecnolog\u00eda II<\/h6>\n<\/td>\n<td style=\"text-align: center;\" width=\"26%\"><span style=\"font-size: 10pt;\"><span style=\"font-family: trebuchet ms,geneva;\"><span style=\"color: #333399;\">\u00c9tica y Legislaci\u00f3n<\/span><\/span><\/span><\/td>\n<\/tr>\n<tr>\n<td style=\"text-align: center;\" colspan=\"3\" width=\"100%\"><span style=\"font-size: 10pt;\"><span style=\"font-family: trebuchet ms,geneva;\"><span style=\"color: #333399;\">Taller de Dise\u00f1o III y Proyecto<\/span><\/span><\/span><\/td>\n<\/tr>\n<\/tbody>\n<\/table>\n<p style=\"text-align: center;\"><span style=\"font-family: trebuchet ms,geneva;\">\u00a0<strong><span style=\"font-size: 12pt;\"><span style=\"color: #333399;\">Dise\u00f1ador Gr\u00e1fico<\/span><\/span><\/strong><\/span><\/p>\n<p style=\"text-align: center;\"><strong><span style=\"color: #800000;\"><span style=\"font-size: 10pt;\"><span style=\"font-family: trebuchet ms,geneva;\">4\u00ba A\u00f1o<\/span><\/span><\/span><\/strong><\/p>\n<p style=\"text-align: center;\">\n<table style=\"background-color: #87cefa; height: 2px; border: #000066 1px solid;\" border=\"1\" width=\"97%\" cellspacing=\"1\" cellpadding=\"0\">\n<tbody>\n<tr>\n<td width=\"50%\">\n<p style=\"text-align: center;\"><strong><span style=\"color: #800000;\"><span style=\"font-size: 10pt;\"><span style=\"font-family: trebuchet ms,geneva;\">\u00c1rea de la Producci\u00f3n &#8211; Lenguaje y Recepci\u00f3n<\/span><\/span><\/span><\/strong><\/p>\n<\/td>\n<td width=\"26%\">\n<p style=\"text-align: center;\"><strong><span style=\"color: #800000;\"><span style=\"font-size: 10pt;\"><span style=\"font-family: trebuchet ms,geneva;\">\u00c1rea de Vinculaciones Contextuales<\/span><\/span><\/span><\/strong><\/p>\n<\/td>\n<td width=\"23%\">\n<p style=\"text-align: center;\"><strong><span style=\"color: #800000;\"><span style=\"font-size: 10pt;\"><span style=\"font-family: trebuchet ms,geneva;\">Espacio Institucional<\/span><\/span><\/span><\/strong><\/p>\n<\/td>\n<\/tr>\n<tr>\n<td width=\"50%\">\n<p style=\"text-align: center;\"><span style=\"font-size: 10pt;\"><span style=\"font-family: trebuchet ms,geneva;\"><span style=\"color: #333399;\">Dise\u00f1o Institucional<\/span><\/span><\/span><\/p>\n<\/td>\n<td rowspan=\"3\" width=\"26%\">\n<p style=\"text-align: center;\"><span style=\"font-size: 10pt;\"><span style=\"font-family: trebuchet ms,geneva;\"><span style=\"color: #333399;\">Arte, Cultura y Est\u00e9tica en el mundo contempor\u00e1neo<\/span><\/span><\/span><\/p>\n<\/td>\n<td rowspan=\"3\" width=\"23%\">\n<p style=\"text-align: center;\"><span style=\"font-size: 10pt;\"><span style=\"font-family: trebuchet ms,geneva;\"><span style=\"color: #333399;\">Espacio Institucional<\/span><\/span><\/span><\/p>\n<\/td>\n<\/tr>\n<tr>\n<td width=\"50%\">\n<p style=\"text-align: center;\"><span style=\"font-size: 10pt;\"><span style=\"font-family: trebuchet ms,geneva;\"><span style=\"color: #333399;\">Dise\u00f1o en Medios<\/span><\/span><\/span><\/p>\n<\/td>\n<\/tr>\n<tr>\n<td width=\"50%\">\n<p style=\"text-align: center;\"><span style=\"font-size: 10pt;\"><span style=\"font-family: trebuchet ms,geneva;\"><span style=\"color: #333399;\">Dise\u00f1o de Informaci\u00f3n<\/span><\/span><\/span><\/p>\n<\/td>\n<\/tr>\n<\/tbody>\n<\/table>\n","protected":false},"excerpt":{"rendered":"<p>Tecnicatura en Dise\u00f1o Gr\u00e1fico (RES. 13253\/99) 1er A\u00f1o \u00c1rea de la Producci\u00f3n \u00c1rea de Lenguaje \u00c1rea de Vinculaciones Contextuales Espacio Institucional Tipograf\u00eda I Percepci\u00f3n Visual Historia del Arte y el Dise\u00f1o Espacio institucional Dibujo Taller de Texto Comunicaci\u00f3n Gr\u00e1fica Asistida por Computadora I Taller de Dise\u00f1o I \u00a02\u00ba A\u00f1o \u00c1rea de la Producci\u00f3n \u00c1rea de &#8230; <a title=\"Plan de estudios Dise\u00f1o Grafico\" class=\"read-more\" href=\"https:\/\/ealujan-bue.infd.edu.ar\/sitio\/plan-de-estudios\/\" aria-label=\"More on Plan de estudios Dise\u00f1o Grafico\">[+]<\/a><\/p>\n","protected":false},"author":337,"featured_media":0,"parent":0,"menu_order":0,"comment_status":"closed","ping_status":"closed","template":"","meta":[],"acf":[],"_links":{"self":[{"href":"https:\/\/ealujan-bue.infd.edu.ar\/sitio\/wp-json\/wp\/v2\/pages\/906"}],"collection":[{"href":"https:\/\/ealujan-bue.infd.edu.ar\/sitio\/wp-json\/wp\/v2\/pages"}],"about":[{"href":"https:\/\/ealujan-bue.infd.edu.ar\/sitio\/wp-json\/wp\/v2\/types\/page"}],"author":[{"embeddable":true,"href":"https:\/\/ealujan-bue.infd.edu.ar\/sitio\/wp-json\/wp\/v2\/users\/337"}],"replies":[{"embeddable":true,"href":"https:\/\/ealujan-bue.infd.edu.ar\/sitio\/wp-json\/wp\/v2\/comments?post=906"}],"version-history":[{"count":5,"href":"https:\/\/ealujan-bue.infd.edu.ar\/sitio\/wp-json\/wp\/v2\/pages\/906\/revisions"}],"predecessor-version":[{"id":5963,"href":"https:\/\/ealujan-bue.infd.edu.ar\/sitio\/wp-json\/wp\/v2\/pages\/906\/revisions\/5963"}],"wp:attachment":[{"href":"https:\/\/ealujan-bue.infd.edu.ar\/sitio\/wp-json\/wp\/v2\/media?parent=906"}],"curies":[{"name":"wp","href":"https:\/\/api.w.org\/{rel}","templated":true}]}}