{"id":900,"date":"2018-07-03T12:57:19","date_gmt":"2018-07-03T15:57:19","guid":{"rendered":"https:\/\/ealujan-bue.infd.edu.ar\/sitio\/datos-institucionales\/"},"modified":"2023-07-26T12:33:50","modified_gmt":"2023-07-26T15:33:50","slug":"datos-institucionales","status":"publish","type":"page","link":"https:\/\/ealujan-bue.infd.edu.ar\/sitio\/datos-institucionales\/","title":{"rendered":"Datos institucionales"},"content":{"rendered":"<blockquote>\n<p style=\"text-align: left;\"><span style=\"font-family: trebuchet ms,geneva;\"><strong><span style=\"color: #333399;\"><span style=\"font-size: 14pt;\"><img decoding=\"async\" loading=\"lazy\" class=\"alignleft wp-image-802 \" src=\"https:\/\/ealujan-bue.infd.edu.ar\/sitio\/wp-content\/uploads\/2018\/07\/Logo_escuela.jpg\" alt=\"\" width=\"269\" height=\"209\" \/>ISFD y T N\u00b01 &#8211; ESCUELA DE ARTE DE LUJ\u00c1N \u00abJos\u00e9 Pipo Ferrari\u00bb<\/span><\/span><\/strong><\/span><\/p>\n<p style=\"text-align: left;\"><span style=\"font-family: trebuchet ms,geneva;\"><span style=\"font-size: 10pt;\"><span style=\"color: #333333;\">Lavalle 274 &#8211; (6700) Luj\u00e1n, Provincia de Buenos Aires<\/span><\/span><\/span><\/p>\n<h6 style=\"text-align: left;\"><span style=\"font-family: trebuchet ms,geneva;\"><span style=\"font-size: 10pt;\"><span style=\"color: #333333;\">e-mail: <a href=\"eartelujan@hotmail.com\">eartelujan@gmail.com &#8211;\u00a0<\/a><\/span><\/span><\/span><span style=\"font-family: trebuchet ms,geneva;\"><span style=\"font-size: 10pt;\"><span style=\"color: #333333;\">sitio web:<\/span><\/span><\/span><a href=\"http:\/\/ealujan.bue.infd.edu.ar\"><span style=\"font-family: trebuchet ms,geneva;\"><span style=\"font-size: 10pt;\"><span style=\"color: #333399;\">http:\/\/ealujan.bue.infd.edu.ar<\/span><\/span><\/span><\/a><\/h6>\n<h6 style=\"text-align: left;\"><span style=\"font-family: trebuchet ms,geneva;\"><span style=\"font-size: 10pt;\"><span style=\"color: #333333;\">tel\u00e9fono: <strong>02323 424400<\/strong><\/span><\/span><\/span><\/h6>\n<h6 style=\"text-align: left;\"><strong><span style=\"font-size: 10pt;\"><span style=\"color: #333399;\"><span style=\"font-family: trebuchet ms,geneva;\">Horario de Atenci\u00f3n: <\/span><\/span><\/span><\/strong><span style=\"font-family: trebuchet ms,geneva;\"><span style=\"font-size: 10pt;\"><span style=\"color: #333333;\">Ma\u00f1ana: <strong>9:00 a 12:00 horas &#8211;\u00a0<\/strong><\/span><\/span><\/span><span style=\"font-family: trebuchet ms,geneva;\"><span style=\"font-size: 10pt;\"><span style=\"color: #333333;\">Tarde: <strong>14:00 a 17:00 horas &#8211;\u00a0<\/strong><\/span><\/span><\/span><span style=\"font-family: trebuchet ms,geneva;\"><span style=\"font-size: 10pt;\"><span style=\"color: #333333;\">Noche: <strong>18:00 a 21:00 horas<\/strong><\/span><\/span><\/span><\/h6>\n<div id=\"1617391177\" class=\"u_1617391177 dmNewParagraph\" data-element-type=\"paragraph\" data-version=\"5\"><\/div>\n<h6><\/h6>\n<\/blockquote>\n","protected":false},"excerpt":{"rendered":"<p>ISFD y T N\u00b01 &#8211; ESCUELA DE ARTE DE LUJ\u00c1N \u00abJos\u00e9 Pipo Ferrari\u00bb Lavalle 274 &#8211; (6700) Luj\u00e1n, Provincia de Buenos Aires e-mail: eartelujan@gmail.com &#8211;\u00a0sitio web:http:\/\/ealujan.bue.infd.edu.ar tel\u00e9fono: 02323 424400 Horario de Atenci\u00f3n: Ma\u00f1ana: 9:00 a 12:00 horas &#8211;\u00a0Tarde: 14:00 a 17:00 horas &#8211;\u00a0Noche: 18:00 a 21:00 horas<\/p>\n","protected":false},"author":337,"featured_media":0,"parent":0,"menu_order":0,"comment_status":"closed","ping_status":"closed","template":"","meta":[],"acf":[],"_links":{"self":[{"href":"https:\/\/ealujan-bue.infd.edu.ar\/sitio\/wp-json\/wp\/v2\/pages\/900"}],"collection":[{"href":"https:\/\/ealujan-bue.infd.edu.ar\/sitio\/wp-json\/wp\/v2\/pages"}],"about":[{"href":"https:\/\/ealujan-bue.infd.edu.ar\/sitio\/wp-json\/wp\/v2\/types\/page"}],"author":[{"embeddable":true,"href":"https:\/\/ealujan-bue.infd.edu.ar\/sitio\/wp-json\/wp\/v2\/users\/337"}],"replies":[{"embeddable":true,"href":"https:\/\/ealujan-bue.infd.edu.ar\/sitio\/wp-json\/wp\/v2\/comments?post=900"}],"version-history":[{"count":6,"href":"https:\/\/ealujan-bue.infd.edu.ar\/sitio\/wp-json\/wp\/v2\/pages\/900\/revisions"}],"predecessor-version":[{"id":3836,"href":"https:\/\/ealujan-bue.infd.edu.ar\/sitio\/wp-json\/wp\/v2\/pages\/900\/revisions\/3836"}],"wp:attachment":[{"href":"https:\/\/ealujan-bue.infd.edu.ar\/sitio\/wp-json\/wp\/v2\/media?parent=900"}],"curies":[{"name":"wp","href":"https:\/\/api.w.org\/{rel}","templated":true}]}}