{"id":886,"date":"2018-07-03T12:57:16","date_gmt":"2018-07-03T15:57:16","guid":{"rendered":"https:\/\/ealujan-bue.infd.edu.ar\/sitio\/inscripcion-2017-18\/"},"modified":"2026-03-09T20:42:53","modified_gmt":"2026-03-09T23:42:53","slug":"inscripcion-2026","status":"publish","type":"page","link":"https:\/\/ealujan-bue.infd.edu.ar\/sitio\/inscripcion-2026\/","title":{"rendered":"PREINSCRIPCIONES 2026"},"content":{"rendered":"<h4 style=\"text-align: center;\">-La pre-inscripci\u00f3n 2026 se realizar\u00e1 a trav\u00e9s del Sistema Inform\u00e1tico SIU GUARAN\u00cd-\u00a0<\/h4>\n<p style=\"text-align: center;\"><a href=\"https:\/\/youtu.be\/1sd8rDHb0nk?si=WJMSW_TMHNn8Gjsk\">VIDEO EXPLICATIVO<\/a><\/p>\n<p><img decoding=\"async\" loading=\"lazy\" class=\" wp-image-6148 aligncenter\" src=\"https:\/\/ealujan-bue.infd.edu.ar\/sitio\/wp-content\/uploads\/2025\/10\/Placa-2_Redes-sociales-800x1000.png\" alt=\"\" width=\"247\" height=\"309\" srcset=\"https:\/\/ealujan-bue.infd.edu.ar\/sitio\/wp-content\/uploads\/2025\/10\/Placa-2_Redes-sociales-800x1000.png 800w, https:\/\/ealujan-bue.infd.edu.ar\/sitio\/wp-content\/uploads\/2025\/10\/Placa-2_Redes-sociales-768x960.png 768w, https:\/\/ealujan-bue.infd.edu.ar\/sitio\/wp-content\/uploads\/2025\/10\/Placa-2_Redes-sociales.png 1080w\" sizes=\"(max-width: 247px) 100vw, 247px\" \/><\/p>\n<p>&nbsp;<\/p>\n<ul>\n<li style=\"text-align: left;\"><strong>PROF. EN ARTES VISUALES C\/ORIENTACI\u00d3N GRABADO-PINTURA-ESCULTURA: <\/strong>(podes acceder a cualquiera de las 3 \u00abtres\u00bb orientaciones en la pre inscripci\u00f3n, para luego poder elegir un turno: ma\u00f1ana-tarde- vespertino, al momento de inscribirte en la SEDE DE LA ESCUELA DE ARTE ) <a href=\"https:\/\/ealujan-bue.infd.edu.ar\/sitio\/requisitos-para-tu-legajo\/\">REQUISITOS<\/a><\/li>\n<li><strong><em><span style=\"color: orange;\">FECHA Y HORA DE PREINSCRIPCI\u00d3N: 7 DE NOVIEMBRE A LAS 9:00 HS. <\/span><\/em><\/strong>______________________________________________________________________\n<ul>\n<li style=\"text-align: left;\"><strong>DISE\u00d1ADOR GR\u00c1FICO<\/strong><strong>: <\/strong>(funciona solamente en turno ma\u00f1ana) <a href=\"https:\/\/ealujan-bue.infd.edu.ar\/sitio\/requisitos-para-tu-legajo\/\">REQUISITOS<\/a><\/li>\n<\/ul>\n<\/li>\n<li><strong><em><span style=\"color: orange;\">FECHA Y HORA DE PREINSCRIPCI\u00d3N: 3 DE NOVIEMBRE A LAS 9:00 HS. <\/span><\/em><\/strong>______________________________________________________________________<\/li>\n<li><strong>PROF. EN M\u00daSICA\u00a0 ORIENTACI\u00d3N INSTRUMENTO M\u00daSICA POPULAR: <\/strong>(horario alternado) <a href=\"https:\/\/ealujan-bue.infd.edu.ar\/sitio\/requisitos-para-tu-legajo-2\/\">REQUISITOS<\/a><\/li>\n<li><strong><em><span style=\"color: orange;\">FECHA Y HORA DE PREINSCRIPCI\u00d3N: 5 DE NOVIEMBRE A LAS 9:00 HS.<\/span><\/em><\/strong> ______________________________________________________________________\u00a0<\/li>\n<\/ul>\n<p>&nbsp;<\/p>\n<h2 style=\"text-align: center;\"><span style=\"color: #008000;\"><strong>Formaci\u00f3n B\u00e1sica M\u00fasica<\/strong><\/span><\/h2>\n<ul>\n<li style=\"text-align: left;\"><strong>La preinscripci\u00f3n para el ingreso a la Formaci\u00f3n B\u00e1sica Instrumento M\u00fasica Popular se realizar\u00e1 a trav\u00e9s de formulario de Google a partir del Lunes 3 de Noviembre 2025<\/strong><\/li>\n<li style=\"text-align: left;\">PARA INSCRIBIRTE HACE CLICK ACA<\/li>\n<\/ul>\n<p style=\"text-align: center;\"><em>Para la FoBa de M\u00fasica Popular cada instrumento tiene vacantes limitadas :\u00a0<\/em><\/p>\n<div  class=\"lgc-column lgc-grid-parent lgc-grid-50 lgc-tablet-grid-50 lgc-mobile-grid-100 lgc-equal-heights \"><div  class=\"inside-grid-column\">\n<ul>\n<li>Instrumento bajo el\u00e9ctrico: 18<\/li>\n<li>Instrumento bater\u00eda:12<\/li>\n<li>Instrumento bandone\u00f3n: 6<\/li>\n<li>Instrumento guitarra:36<\/li>\n<li>Instrumento piano: 18<\/li>\n<li>Instrumento saxo:6\u00a0<\/li>\n<li>Instrumento viol\u00edn:6 <\/li><\/ul><\/div><\/div>Una vez completada la preinscripci\u00f3n, esperar\u00e1n la confirmaci\u00f3n de la vacante v\u00eda e-mail institucional con la fecha en que acercar\u00e1n la carpeta a la instituci\u00f3n.\u00a0<\/li>\n<li><a href=\"https:\/\/ealujan-bue.infd.edu.ar\/sitio\/requisitos-de-ingreso\/\">REQUISITOS DE INGRESO <\/a>: La entrega de los mismos ser\u00e1 de forma presencial con fecha publicada en \u00e9sta web.\u00a0<\/li>\n<\/ul>\n<p style=\"text-align: left;\">\u00a0<\/p>\n<p style=\"text-align: left;\">\u00a0<\/p>\n","protected":false},"excerpt":{"rendered":"<p>-La pre-inscripci\u00f3n 2026 se realizar\u00e1 a trav\u00e9s del Sistema Inform\u00e1tico SIU GUARAN\u00cd-\u00a0 VIDEO EXPLICATIVO &nbsp; PROF. EN ARTES VISUALES C\/ORIENTACI\u00d3N GRABADO-PINTURA-ESCULTURA: (podes acceder a cualquiera de las 3 \u00abtres\u00bb orientaciones en la pre inscripci\u00f3n, para luego poder elegir un turno: ma\u00f1ana-tarde- vespertino, al momento de inscribirte en la SEDE DE LA ESCUELA DE ARTE ) &#8230; <a title=\"PREINSCRIPCIONES 2026\" class=\"read-more\" href=\"https:\/\/ealujan-bue.infd.edu.ar\/sitio\/inscripcion-2026\/\" aria-label=\"More on PREINSCRIPCIONES 2026\">[+]<\/a><\/p>\n","protected":false},"author":337,"featured_media":0,"parent":0,"menu_order":0,"comment_status":"open","ping_status":"closed","template":"","meta":[],"acf":[],"_links":{"self":[{"href":"https:\/\/ealujan-bue.infd.edu.ar\/sitio\/wp-json\/wp\/v2\/pages\/886"}],"collection":[{"href":"https:\/\/ealujan-bue.infd.edu.ar\/sitio\/wp-json\/wp\/v2\/pages"}],"about":[{"href":"https:\/\/ealujan-bue.infd.edu.ar\/sitio\/wp-json\/wp\/v2\/types\/page"}],"author":[{"embeddable":true,"href":"https:\/\/ealujan-bue.infd.edu.ar\/sitio\/wp-json\/wp\/v2\/users\/337"}],"replies":[{"embeddable":true,"href":"https:\/\/ealujan-bue.infd.edu.ar\/sitio\/wp-json\/wp\/v2\/comments?post=886"}],"version-history":[{"count":509,"href":"https:\/\/ealujan-bue.infd.edu.ar\/sitio\/wp-json\/wp\/v2\/pages\/886\/revisions"}],"predecessor-version":[{"id":6530,"href":"https:\/\/ealujan-bue.infd.edu.ar\/sitio\/wp-json\/wp\/v2\/pages\/886\/revisions\/6530"}],"wp:attachment":[{"href":"https:\/\/ealujan-bue.infd.edu.ar\/sitio\/wp-json\/wp\/v2\/media?parent=886"}],"curies":[{"name":"wp","href":"https:\/\/api.w.org\/{rel}","templated":true}]}}