{"id":5929,"date":"2025-07-18T15:28:13","date_gmt":"2025-07-18T18:28:13","guid":{"rendered":"https:\/\/ealujan-bue.infd.edu.ar\/sitio\/?page_id=5929"},"modified":"2025-07-18T15:28:15","modified_gmt":"2025-07-18T18:28:15","slug":"acreditacion-tdg","status":"publish","type":"page","link":"https:\/\/ealujan-bue.infd.edu.ar\/sitio\/acreditacion-tdg\/","title":{"rendered":"ACREDITACION TDG"},"content":{"rendered":"<table style=\"height: 1858px;\" width=\"1629\">\n<tbody>\n<tr>\n<td width=\"80\">A\u00d1O<\/td>\n<td width=\"147\">UNIDAD CURRICULAR<\/td>\n<td width=\"111\">FORMATO<\/td>\n<td width=\"112\">ACREDITACI\u00d3N<\/td>\n<td width=\"99\">MODALIDAD<\/td>\n<td width=\"98\">% DE ASISTENCIA (SOBRE LAS HS TOTALES CALENDARIO)<\/td>\n<\/tr>\n<tr>\n<td rowspan=\"10\" width=\"80\">1\u00ba<\/td>\n<td width=\"147\">TALLER DE TEXTO<\/td>\n<td width=\"111\">TALLER<\/td>\n<td width=\"112\">SOLO PROMOCI\u00d3N<\/td>\n<td width=\"99\">PP<\/td>\n<td width=\"98\">80<\/td>\n<\/tr>\n<tr>\n<td rowspan=\"2\" width=\"147\">TALLER DE DISE\u00d1O I<\/td>\n<td rowspan=\"2\" width=\"111\">TALLER<\/td>\n<td rowspan=\"2\" width=\"112\">SOLO PROMOCI\u00d3N<\/td>\n<td rowspan=\"2\" width=\"99\">PP<\/td>\n<td rowspan=\"2\" width=\"98\">80<\/td>\n<\/tr>\n<tr>\n<td width=\"147\">GR\u00c1FICA ASISTIDA POR COMPUTADORA I<\/td>\n<td width=\"111\">ASIGNATURA<\/td>\n<td width=\"112\">\u00a0PROMOCI\u00d3N O FINAL<\/td>\n<td width=\"99\">PP<\/td>\n<td width=\"98\">80<\/td>\n<\/tr>\n<tr>\n<td width=\"147\">DIBUJO<\/td>\n<td width=\"111\">ASIGNATURA<\/td>\n<td width=\"112\">\u00a0FINAL OBLIGATORIO<\/td>\n<td width=\"99\">PP<\/td>\n<td width=\"98\">60<\/td>\n<\/tr>\n<tr>\n<td width=\"147\">PERCEPCI\u00d3N VISUAL<\/td>\n<td width=\"111\">ASIGNATURA<\/td>\n<td width=\"112\">PROMOCI\u00d3N O FINAL<\/td>\n<td width=\"99\">PP<\/td>\n<td width=\"98\">60<\/td>\n<\/tr>\n<tr>\n<td width=\"147\">COMUNICACI\u00d3N<\/td>\n<td width=\"111\">ASIGNATURA<\/td>\n<td width=\"112\">SIN PROMOCI\u00d3N<\/td>\n<td width=\"99\">PP<\/td>\n<td width=\"98\">60<\/td>\n<\/tr>\n<tr>\n<td width=\"147\">EDI I MORFOLOG\u00cdA I<\/td>\n<td width=\"111\">ASIGNATURA<\/td>\n<td width=\"112\">PROMOCI\u00d3N O FINAL<\/td>\n<td width=\"99\">PP<\/td>\n<td width=\"98\">60<\/td>\n<\/tr>\n<tr>\n<td width=\"147\">HISTORIA DEL ARTE Y EL DISE\u00d1O I<\/td>\n<td width=\"111\">ASIGNATURA<\/td>\n<td width=\"112\">SIN PROMOCI\u00d3N<\/td>\n<td width=\"99\">PP<\/td>\n<td width=\"98\">60<\/td>\n<\/tr>\n<tr>\n<td width=\"147\">TIPOGRAF\u00cdA I<\/td>\n<td width=\"111\">ASIGNATURA<\/td>\n<td width=\"112\">PROMOCI\u00d3N O FINAL<\/td>\n<td width=\"99\">PP<\/td>\n<td width=\"98\">60<\/td>\n<\/tr>\n<tr>\n<td rowspan=\"6\" width=\"80\">2\u00ba<\/td>\n<td width=\"147\"><\/td>\n<td width=\"111\"><\/td>\n<td width=\"112\">SOLO<\/td>\n<td rowspan=\"3\" width=\"99\">PP<\/td>\n<td rowspan=\"3\" width=\"98\">80<\/td>\n<\/tr>\n<tr>\n<td width=\"147\">TALLER DE DISE\u00d1O II<\/td>\n<td width=\"111\">TALLER<\/td>\n<td width=\"112\">PROMOCI\u00d3N<\/td>\n<\/tr>\n<tr>\n<td width=\"147\"><\/td>\n<td width=\"111\"><\/td>\n<td width=\"112\"><\/td>\n<\/tr>\n<tr>\n<td width=\"147\">TIPOGRAF\u00cdA II<\/td>\n<td width=\"111\">ASIGNATURA<\/td>\n<td width=\"112\">PROMOCI\u00d3N O FINAL<\/td>\n<td width=\"99\"><\/td>\n<td width=\"98\"><\/td>\n<\/tr>\n<tr>\n<td width=\"147\">GR\u00c1FICA ASISTIDA POR COMPUTADORA II<\/td>\n<td width=\"111\">ASIGNATURA<\/td>\n<td width=\"112\">PROMOCI\u00d3N O FINAL<\/td>\n<td width=\"99\"><\/td>\n<td width=\"98\"><\/td>\n<\/tr>\n<tr>\n<td width=\"147\">TECNOLOG\u00cdA I<\/td>\n<td width=\"111\">ASIGNATURA<\/td>\n<td width=\"112\">PROMOCI\u00d3N O FINAL<\/td>\n<td width=\"99\"><\/td>\n<td width=\"98\"><\/td>\n<\/tr>\n<tr>\n<td rowspan=\"5\" width=\"80\">2\u00ba<\/td>\n<td rowspan=\"2\" width=\"147\">SEMIOLOG\u00cdA DE LA IMAGEN<\/td>\n<td rowspan=\"2\" width=\"111\">ASIGNATURA<\/td>\n<td rowspan=\"2\" width=\"112\">SIN PROMOCI\u00d3N<\/td>\n<td rowspan=\"2\" width=\"99\"><\/td>\n<td rowspan=\"2\" width=\"98\"><\/td>\n<\/tr>\n<tr>\n<td width=\"147\">EDI II MORFOLOG\u00cdA II<\/td>\n<td width=\"111\">ASIGNATURA<\/td>\n<td width=\"112\">SIN PROMOCI\u00d3N<\/td>\n<td width=\"99\">PPC<\/td>\n<td width=\"98\">80<\/td>\n<\/tr>\n<tr>\n<td width=\"147\">HISTORIA DEL DISE\u00d1O<\/td>\n<td width=\"111\">ASIGNATURA<\/td>\n<td width=\"112\">SIN PROMOCI\u00d3N<\/td>\n<td width=\"99\"><\/td>\n<td width=\"98\"><\/td>\n<\/tr>\n<tr>\n<td width=\"147\">ORGANIZACI\u00d3N DE LAS INSTITUCIONES<\/td>\n<td width=\"111\">ASIGNATURA<\/td>\n<td width=\"112\">SIN PROMOCI\u00d3N<\/td>\n<td width=\"99\">PPC<\/td>\n<td width=\"98\">80<\/td>\n<\/tr>\n<tr>\n<td rowspan=\"21\" width=\"80\">3\u00ba<\/td>\n<td rowspan=\"3\" width=\"147\">TALLER DE DISE\u00d1O Y PROYECTO III<\/td>\n<td width=\"111\"><\/td>\n<td width=\"112\"><\/td>\n<td rowspan=\"3\" width=\"99\">PP<\/td>\n<td rowspan=\"3\" width=\"98\">80<\/td>\n<\/tr>\n<tr>\n<td width=\"111\">TALLER<\/td>\n<td width=\"112\">SOLO PROMOCI\u00d3N<\/td>\n<\/tr>\n<tr>\n<td width=\"111\"><\/td>\n<td width=\"112\"><\/td>\n<\/tr>\n<tr>\n<td rowspan=\"3\" width=\"147\">TALLER MULTIMEDIA<\/td>\n<td width=\"111\"><\/td>\n<td width=\"112\"><\/td>\n<td rowspan=\"3\" width=\"99\">PPC<\/td>\n<td rowspan=\"3\" width=\"98\">80<\/td>\n<\/tr>\n<tr>\n<td width=\"111\">TALLER<\/td>\n<td width=\"112\">SOLO PROMOCI\u00d3N<\/td>\n<\/tr>\n<tr>\n<td width=\"111\"><\/td>\n<td width=\"112\"><\/td>\n<\/tr>\n<tr>\n<td rowspan=\"3\" width=\"147\">FOTOGRAF\u00cdA<\/td>\n<td width=\"111\"><\/td>\n<td width=\"112\"><\/td>\n<td rowspan=\"3\" width=\"99\"><\/td>\n<td rowspan=\"3\" width=\"98\"><\/td>\n<\/tr>\n<tr>\n<td width=\"111\">ASIGNATURA<\/td>\n<td width=\"112\">PROMOCI\u00d3N O FINAL<\/td>\n<\/tr>\n<tr>\n<td width=\"111\"><\/td>\n<td width=\"112\"><\/td>\n<\/tr>\n<tr>\n<td rowspan=\"3\" width=\"147\">TECNOLOG\u00cdA II<\/td>\n<td width=\"111\"><\/td>\n<td width=\"112\"><\/td>\n<td rowspan=\"3\" width=\"99\">PP+SINC.<\/td>\n<td rowspan=\"3\" width=\"98\">60<\/td>\n<\/tr>\n<tr>\n<td width=\"111\">ASIGNATURA<\/td>\n<td width=\"112\">PROMOCI\u00d3N O FINAL<\/td>\n<\/tr>\n<tr>\n<td width=\"111\"><\/td>\n<td width=\"112\"><\/td>\n<\/tr>\n<tr>\n<td rowspan=\"3\" width=\"147\">\u00c9TICA Y LEGISLACI\u00d3N<\/td>\n<td width=\"111\"><\/td>\n<td width=\"112\"><\/td>\n<td rowspan=\"3\" width=\"99\">PP+SINC<\/td>\n<td rowspan=\"3\" width=\"98\">60<\/td>\n<\/tr>\n<tr>\n<td width=\"111\">ASIGNATURA<\/td>\n<td width=\"112\">PROMOCI\u00d3N O FINAL<\/td>\n<\/tr>\n<tr>\n<td width=\"111\"><\/td>\n<td width=\"112\"><\/td>\n<\/tr>\n<tr>\n<td rowspan=\"3\" width=\"147\">EDI III DISE\u00d1O PARA LA WEB<\/td>\n<td width=\"111\"><\/td>\n<td width=\"112\"><\/td>\n<td rowspan=\"3\" width=\"99\">PP+SINC<\/td>\n<td rowspan=\"3\" width=\"98\"><\/td>\n<\/tr>\n<tr>\n<td width=\"111\">ASIGNATURA<\/td>\n<td width=\"112\">PROMOCI\u00d3N O FINAL<\/td>\n<\/tr>\n<tr>\n<td width=\"111\"><\/td>\n<td width=\"112\"><\/td>\n<\/tr>\n<tr>\n<td rowspan=\"3\" width=\"147\">SOCIOLOG\u00cdA DE COMUNICACI\u00d3N<\/td>\n<td rowspan=\"3\" width=\"111\">ASIGNATURA<\/td>\n<td rowspan=\"3\" width=\"112\">SIN PROMOCI\u00d3N<\/td>\n<td rowspan=\"3\" width=\"99\">PP+SINC<\/td>\n<td rowspan=\"3\" width=\"98\">60<\/td>\n<\/tr>\n<\/tbody>\n<\/table>\n","protected":false},"excerpt":{"rendered":"<p>A\u00d1O UNIDAD CURRICULAR FORMATO ACREDITACI\u00d3N MODALIDAD % DE ASISTENCIA (SOBRE LAS HS TOTALES CALENDARIO) 1\u00ba TALLER DE TEXTO TALLER SOLO PROMOCI\u00d3N PP 80 TALLER DE DISE\u00d1O I TALLER SOLO PROMOCI\u00d3N PP 80 GR\u00c1FICA ASISTIDA POR COMPUTADORA I ASIGNATURA \u00a0PROMOCI\u00d3N O FINAL PP 80 DIBUJO ASIGNATURA \u00a0FINAL OBLIGATORIO PP 60 PERCEPCI\u00d3N VISUAL ASIGNATURA PROMOCI\u00d3N O FINAL &#8230; <a title=\"ACREDITACION TDG\" class=\"read-more\" href=\"https:\/\/ealujan-bue.infd.edu.ar\/sitio\/acreditacion-tdg\/\" aria-label=\"More on ACREDITACION TDG\">[+]<\/a><\/p>\n","protected":false},"author":337,"featured_media":0,"parent":0,"menu_order":0,"comment_status":"closed","ping_status":"closed","template":"","meta":[],"acf":[],"_links":{"self":[{"href":"https:\/\/ealujan-bue.infd.edu.ar\/sitio\/wp-json\/wp\/v2\/pages\/5929"}],"collection":[{"href":"https:\/\/ealujan-bue.infd.edu.ar\/sitio\/wp-json\/wp\/v2\/pages"}],"about":[{"href":"https:\/\/ealujan-bue.infd.edu.ar\/sitio\/wp-json\/wp\/v2\/types\/page"}],"author":[{"embeddable":true,"href":"https:\/\/ealujan-bue.infd.edu.ar\/sitio\/wp-json\/wp\/v2\/users\/337"}],"replies":[{"embeddable":true,"href":"https:\/\/ealujan-bue.infd.edu.ar\/sitio\/wp-json\/wp\/v2\/comments?post=5929"}],"version-history":[{"count":1,"href":"https:\/\/ealujan-bue.infd.edu.ar\/sitio\/wp-json\/wp\/v2\/pages\/5929\/revisions"}],"predecessor-version":[{"id":5931,"href":"https:\/\/ealujan-bue.infd.edu.ar\/sitio\/wp-json\/wp\/v2\/pages\/5929\/revisions\/5931"}],"wp:attachment":[{"href":"https:\/\/ealujan-bue.infd.edu.ar\/sitio\/wp-json\/wp\/v2\/media?parent=5929"}],"curies":[{"name":"wp","href":"https:\/\/api.w.org\/{rel}","templated":true}]}}