{"id":5926,"date":"2025-07-18T15:26:24","date_gmt":"2025-07-18T18:26:24","guid":{"rendered":"https:\/\/ealujan-bue.infd.edu.ar\/sitio\/?page_id=5926"},"modified":"2025-07-18T15:26:26","modified_gmt":"2025-07-18T18:26:26","slug":"acreditacion-pav","status":"publish","type":"page","link":"https:\/\/ealujan-bue.infd.edu.ar\/sitio\/acreditacion-pav\/","title":{"rendered":"ACREDITACION PAV"},"content":{"rendered":"<table width=\"697\">\n<tbody>\n<tr>\n<td width=\"45\"><\/td>\n<td width=\"164\"><\/td>\n<td width=\"128\"><\/td>\n<td width=\"171\"><\/td>\n<td rowspan=\"2\" width=\"93\">MODALIDAD<\/td>\n<td rowspan=\"2\" width=\"96\">% DE ASISTENCIA (SOBRE LAS HS. CALENDARIO)<\/td>\n<\/tr>\n<tr>\n<td width=\"45\">A\u00d1O<\/td>\n<td width=\"164\">UNIDADES CURRICULARES<\/td>\n<td width=\"128\">\u00a0FORMATO<\/td>\n<td width=\"171\">ACREDITACI\u00d3N<\/td>\n<\/tr>\n<tr>\n<td width=\"45\"><\/td>\n<td width=\"164\">PR\u00c1CTICA DOCENTE<\/td>\n<td width=\"128\">PR\u00c1CTICA<\/td>\n<td width=\"171\">SOLO PROMOCI\u00d3N<\/td>\n<td width=\"93\">PP<\/td>\n<td width=\"96\">80<\/td>\n<\/tr>\n<tr>\n<td width=\"45\"><\/td>\n<td width=\"164\">PINTURA I<\/td>\n<td width=\"128\">ASIGNATURA<\/td>\n<td width=\"171\">1 FINAL OBLIGATORIO<\/td>\n<td width=\"93\">PP<\/td>\n<td width=\"96\">60<\/td>\n<\/tr>\n<tr>\n<td width=\"45\"><\/td>\n<td width=\"164\">DIBUJO I<\/td>\n<td width=\"128\">ASIGNATURA<\/td>\n<td width=\"171\">PROMOCI\u00d3N O FINAL<\/td>\n<td width=\"93\">PP<\/td>\n<td width=\"96\">60<\/td>\n<\/tr>\n<tr>\n<td width=\"45\"><\/td>\n<td width=\"164\">ESCULTURA I<\/td>\n<td width=\"128\">ASIGNATURA<\/td>\n<td width=\"171\">2 FINAL OBLIGATORIO<\/td>\n<td width=\"93\">PP<\/td>\n<td width=\"96\">60<\/td>\n<\/tr>\n<tr>\n<td width=\"45\">1\u00ba<\/td>\n<td width=\"164\">GRABADO Y ARTE IMPRESO I<\/td>\n<td width=\"128\">ASIGNATURA<\/td>\n<td width=\"171\">3 FINAL OBLIGATORIO<\/td>\n<td width=\"93\">PP<\/td>\n<td width=\"96\">60<\/td>\n<\/tr>\n<tr>\n<td width=\"45\"><\/td>\n<td width=\"164\">LENGUAJE VISUAL I<\/td>\n<td width=\"128\">ASIGNATURA<\/td>\n<td width=\"171\">PROMOCI\u00d3N O FINAL<\/td>\n<td width=\"93\">PP<\/td>\n<td width=\"96\">60<\/td>\n<\/tr>\n<tr>\n<td width=\"45\"><\/td>\n<td width=\"164\">HA DE LAS ARTES VISUALES I<\/td>\n<td width=\"128\">ASIGNATURA<\/td>\n<td width=\"171\">PROMOCI\u00d3N O FINAL<\/td>\n<td width=\"93\">PP<\/td>\n<td width=\"96\">60<\/td>\n<\/tr>\n<tr>\n<td width=\"45\"><\/td>\n<td rowspan=\"2\" width=\"164\">HA SOCIAL GRAL.<\/td>\n<td rowspan=\"2\" width=\"128\">ASIGNATURA<\/td>\n<td rowspan=\"2\" width=\"171\">PROMOCI\u00d3N O FINAL<\/td>\n<td width=\"93\">PPC (TT-TN)<\/td>\n<td rowspan=\"2\" width=\"96\">80<\/td>\n<\/tr>\n<tr>\n<td width=\"45\"><\/td>\n<td width=\"93\">PP (TM)<\/td>\n<\/tr>\n<tr>\n<td width=\"45\"><\/td>\n<td width=\"164\">PSIC. DE LA EDUC. I<\/td>\n<td width=\"128\">ASIGNATURA<\/td>\n<td width=\"171\">PROMOCI\u00d3N O FINAL<\/td>\n<td width=\"93\">PP<\/td>\n<td width=\"96\">60<\/td>\n<\/tr>\n<tr>\n<td width=\"45\"><\/td>\n<td width=\"164\">FUNDAM. DE LA EDUCACI\u00d3N<\/td>\n<td width=\"128\">ASIGNATURA<\/td>\n<td width=\"171\">PROMOCI\u00d3N O FINAL<\/td>\n<td width=\"93\">PPC (M-T-N)<\/td>\n<td width=\"96\">80<\/td>\n<\/tr>\n<tr>\n<td width=\"45\"><\/td>\n<td width=\"164\">PR\u00c1CTICA DOCENTE II<\/td>\n<td width=\"128\">PR\u00c1CTICA<\/td>\n<td width=\"171\">SOLO PROMOCI\u00d3N<\/td>\n<td width=\"93\">PP<\/td>\n<td width=\"96\">80<\/td>\n<\/tr>\n<tr>\n<td width=\"45\"><\/td>\n<td width=\"164\">PINTURA II<\/td>\n<td width=\"128\">ASIGNATURA<\/td>\n<td width=\"171\">PROMOCI\u00d3N O FINAL<\/td>\n<td width=\"93\">PP<\/td>\n<td width=\"96\">60<\/td>\n<\/tr>\n<tr>\n<td width=\"45\"><\/td>\n<td rowspan=\"2\" width=\"164\">DIBUJO II<\/td>\n<td rowspan=\"2\" width=\"128\">ASIGNATURA<\/td>\n<td rowspan=\"2\" width=\"171\">PROMOCI\u00d3N O FINAL<\/td>\n<td rowspan=\"2\" width=\"93\">PP (T-N)<\/td>\n<td rowspan=\"2\" width=\"96\">60<\/td>\n<\/tr>\n<tr>\n<td width=\"45\"><\/td>\n<\/tr>\n<tr>\n<td width=\"45\"><\/td>\n<td width=\"164\">ESCULTURA II<\/td>\n<td width=\"128\">ASIGNATURA<\/td>\n<td width=\"171\">5 FINAL OBLIGATORIO<\/td>\n<td width=\"93\"><\/td>\n<td width=\"96\">60<\/td>\n<\/tr>\n<tr>\n<td width=\"45\"><\/td>\n<td width=\"164\">GRABADO Y ARTE IMPRESO II<\/td>\n<td width=\"128\">ASIGNATURA<\/td>\n<td width=\"171\">6 FINAL OBLIGATORIO<\/td>\n<td width=\"93\">PP(M)<\/td>\n<td width=\"96\">60<\/td>\n<\/tr>\n<tr>\n<td width=\"45\">2\u00ba<\/td>\n<td width=\"164\">LENGUAJE VISUAL II<\/td>\n<td width=\"128\">ASIGNATURA<\/td>\n<td width=\"171\">PROMOCI\u00d3N O FINAL<\/td>\n<td width=\"93\">PP (M-T)<\/td>\n<td width=\"96\">60<\/td>\n<\/tr>\n<tr>\n<td width=\"45\"><\/td>\n<td width=\"164\">HA DE LAS ARTES VISUALES II-<\/td>\n<td width=\"128\">ASIGNATURA<\/td>\n<td width=\"171\">PROMOCI\u00d3N O FINAL<\/td>\n<td width=\"93\">PPC(N)<\/td>\n<td width=\"96\">80<\/td>\n<\/tr>\n<tr>\n<td width=\"45\"><\/td>\n<td width=\"164\">HA SOCIOP. DE LAT. Y ARG<\/td>\n<td width=\"128\">ASIGNATURA<\/td>\n<td width=\"171\">PROMOCI\u00d3N O FINAL<\/td>\n<td width=\"93\"><\/td>\n<td width=\"96\"><\/td>\n<\/tr>\n<tr>\n<td width=\"45\"><\/td>\n<td width=\"164\">PSIC. DE LA EDUC. II-<\/td>\n<td width=\"128\">ASIGNATURA<\/td>\n<td width=\"171\">PROMOCI\u00d3N O FINAL<\/td>\n<td width=\"93\"><\/td>\n<td width=\"96\"><\/td>\n<\/tr>\n<tr>\n<td width=\"45\"><\/td>\n<td width=\"164\">DID\u00c1CTICA GRAL<\/td>\n<td width=\"128\">ASIGNATURA<\/td>\n<td width=\"171\">4 FINAL OBLIGATORIO<\/td>\n<td width=\"93\">PPC (M-T-N)<\/td>\n<td width=\"96\">80<\/td>\n<\/tr>\n<tr>\n<td width=\"45\"><\/td>\n<td width=\"164\">EDI I<\/td>\n<td width=\"128\">ASIGNATURA<\/td>\n<td width=\"171\">7 FINAL OBLIGATORIO<\/td>\n<td width=\"93\"><\/td>\n<td width=\"96\"><\/td>\n<\/tr>\n<tr>\n<td width=\"45\"><\/td>\n<td width=\"164\">PR\u00c1CTICA DOCENTE III<\/td>\n<td width=\"128\">PR\u00c1CTICA<\/td>\n<td width=\"171\">SOLO PROMOCI\u00d3N<\/td>\n<td width=\"93\">PP<\/td>\n<td width=\"96\">80<\/td>\n<\/tr>\n<tr>\n<td width=\"45\"><\/td>\n<td width=\"164\">T. B\u00c1SICO I<\/td>\n<td width=\"128\">TALLER<\/td>\n<td width=\"171\">SOLO PROMOCI\u00d3N<\/td>\n<td width=\"93\">PP<\/td>\n<td width=\"96\">80<\/td>\n<\/tr>\n<tr>\n<td width=\"45\"><\/td>\n<td width=\"164\">T.COMPLEMENTARIO I-<\/td>\n<td width=\"128\">TALLER<\/td>\n<td width=\"171\">SOLO PROMOCI\u00d3N<\/td>\n<td width=\"93\">PP<\/td>\n<td width=\"96\">80<\/td>\n<\/tr>\n<tr>\n<td width=\"45\">3\u00ba<\/td>\n<td width=\"164\">DIBUJO III<\/td>\n<td width=\"128\">TALLER<\/td>\n<td width=\"171\">SOLO PROMOCI\u00d3<\/td>\n<td width=\"93\">PP<\/td>\n<td width=\"96\">80<\/td>\n<\/tr>\n<tr>\n<td width=\"45\"><\/td>\n<td width=\"164\">MEDIOS AUDIOVIS. E IMG DIG<\/td>\n<td width=\"128\">ASIGNATURA<\/td>\n<td width=\"171\">PROMOCI\u00d3N O FINAL<\/td>\n<td width=\"93\">PPC (M-T-N)<\/td>\n<td width=\"96\">80<\/td>\n<\/tr>\n<tr>\n<td width=\"45\"><\/td>\n<td width=\"164\">HA DE LAS ARTES VIS. III<\/td>\n<td width=\"128\">ASIGNATURA<\/td>\n<td width=\"171\">PROMOCI\u00d3N O FINAL<\/td>\n<td width=\"93\">PPC (M-T-N)<\/td>\n<td width=\"96\">80<\/td>\n<\/tr>\n<tr>\n<td width=\"45\"><\/td>\n<td rowspan=\"2\" width=\"164\">DIDACT. DE LAS ARTES VIS. I<\/td>\n<td rowspan=\"2\" width=\"128\">ASIGNATURA<\/td>\n<td rowspan=\"2\" width=\"171\">PROMOCI\u00d3N O FINAL<\/td>\n<td rowspan=\"2\" width=\"93\"><\/td>\n<td rowspan=\"2\" width=\"96\"><\/td>\n<\/tr>\n<tr>\n<td width=\"45\"><\/td>\n<\/tr>\n<tr>\n<td width=\"45\"><\/td>\n<td width=\"164\">POL\u00cdTICA\u00a0 EDUCATIVA<\/td>\n<td width=\"128\">ASIGNATURA<\/td>\n<td width=\"171\">PROMOCI\u00d3N O FINAL<\/td>\n<td width=\"93\">PPC (M-T-N)<\/td>\n<td width=\"96\">80<\/td>\n<\/tr>\n<tr>\n<td width=\"45\"><\/td>\n<td width=\"164\">TEOR\u00cdAS DEL ARTE I<\/td>\n<td width=\"128\">ASIGNATURA<\/td>\n<td width=\"171\">PROMOCI\u00d3N O FINAL<\/td>\n<td width=\"93\">PPC (M-T-N)<\/td>\n<td width=\"96\">80<\/td>\n<\/tr>\n<tr>\n<td width=\"45\"><\/td>\n<td width=\"164\">EDI II<\/td>\n<td width=\"128\">ASIGNATURA<\/td>\n<td width=\"171\">9 FINAL OBLIGATORIO<\/td>\n<td width=\"93\">PP<\/td>\n<td width=\"96\"><\/td>\n<\/tr>\n<tr>\n<td width=\"45\"><\/td>\n<td width=\"164\">LENG. VISUAL III<\/td>\n<td width=\"128\">ASIGNATURA<\/td>\n<td width=\"171\">PROMOCI\u00d3N O FINAL<\/td>\n<td width=\"93\">PP<\/td>\n<td width=\"96\"><\/td>\n<\/tr>\n<tr>\n<td width=\"45\"><\/td>\n<td width=\"164\">PR\u00c1CTICA DOCENTE IV<\/td>\n<td width=\"128\">PR\u00c1CTICA<\/td>\n<td width=\"171\">SOLO PROMOCI\u00d3N<\/td>\n<td width=\"93\">PP (M-N)<\/td>\n<td width=\"96\">80<\/td>\n<\/tr>\n<tr>\n<td width=\"45\"><\/td>\n<td width=\"164\">T.B\u00c1SICO II<\/td>\n<td width=\"128\">TALLER<\/td>\n<td width=\"171\">SOLO PROMOCI\u00d3N<\/td>\n<td width=\"93\"><\/td>\n<td width=\"96\"><\/td>\n<\/tr>\n<tr>\n<td width=\"45\"><\/td>\n<td width=\"164\"><\/td>\n<td width=\"128\"><\/td>\n<td width=\"171\"><\/td>\n<td width=\"93\">GRABADO PP(N)<\/td>\n<td width=\"96\">80<\/td>\n<\/tr>\n<tr>\n<td width=\"45\"><\/td>\n<td width=\"164\">T.COMPLEMENTARIO II<\/td>\n<td width=\"128\">TALLER<\/td>\n<td width=\"171\">SOLO PROMOCI\u00d3N<\/td>\n<td width=\"93\"><\/td>\n<td width=\"96\"><\/td>\n<\/tr>\n<tr>\n<td width=\"45\"><\/td>\n<td width=\"164\">DIBUJO IV<\/td>\n<td width=\"128\">TALLER<\/td>\n<td width=\"171\">SOLO PROMOCI\u00d3N<\/td>\n<td width=\"93\">PP (M)<\/td>\n<td width=\"96\">80<\/td>\n<\/tr>\n<tr>\n<td width=\"45\">4\u00ba<\/td>\n<td width=\"164\">ARTES COMBINADAS<\/td>\n<td width=\"128\">ASIGNATURA<\/td>\n<td width=\"171\">11 FINAL OBLIGATORIO<\/td>\n<td width=\"93\">PPC (-N)<\/td>\n<td width=\"96\">80<\/td>\n<\/tr>\n<tr>\n<td width=\"45\"><\/td>\n<td width=\"164\">DIDACT. DE LAS ARTES VIS. II<\/td>\n<td width=\"128\">ASIGNATURA<\/td>\n<td width=\"171\">PROMOCI\u00d3N O FINAL<\/td>\n<td width=\"93\">PP (M-N)<\/td>\n<td width=\"96\">60<\/td>\n<\/tr>\n<tr>\n<td width=\"45\"><\/td>\n<td width=\"164\">TEOR\u00cdAS DEL ARTE II<\/td>\n<td width=\"128\">ASIGNATURA<\/td>\n<td width=\"171\">12 PROMOCI\u00d3N O FINAL<\/td>\n<td width=\"93\">PP (M-N)<\/td>\n<td width=\"96\">80<\/td>\n<\/tr>\n<tr>\n<td width=\"45\"><\/td>\n<td width=\"164\">METOD. DE LA INV. EN ARTES<\/td>\n<td width=\"128\">ASIGNATURA<\/td>\n<td width=\"171\">PROMOCI\u00d3N O FINAL<\/td>\n<td width=\"93\">PPC (M-N)<\/td>\n<td width=\"96\">80<\/td>\n<\/tr>\n<\/tbody>\n<\/table>\n","protected":false},"excerpt":{"rendered":"<p>MODALIDAD % DE ASISTENCIA (SOBRE LAS HS. CALENDARIO) A\u00d1O UNIDADES CURRICULARES \u00a0FORMATO ACREDITACI\u00d3N PR\u00c1CTICA DOCENTE PR\u00c1CTICA SOLO PROMOCI\u00d3N PP 80 PINTURA I ASIGNATURA 1 FINAL OBLIGATORIO PP 60 DIBUJO I ASIGNATURA PROMOCI\u00d3N O FINAL PP 60 ESCULTURA I ASIGNATURA 2 FINAL OBLIGATORIO PP 60 1\u00ba GRABADO Y ARTE IMPRESO I ASIGNATURA 3 FINAL OBLIGATORIO PP &#8230; <a title=\"ACREDITACION PAV\" class=\"read-more\" href=\"https:\/\/ealujan-bue.infd.edu.ar\/sitio\/acreditacion-pav\/\" aria-label=\"More on ACREDITACION PAV\">[+]<\/a><\/p>\n","protected":false},"author":337,"featured_media":0,"parent":0,"menu_order":0,"comment_status":"closed","ping_status":"closed","template":"","meta":[],"acf":[],"_links":{"self":[{"href":"https:\/\/ealujan-bue.infd.edu.ar\/sitio\/wp-json\/wp\/v2\/pages\/5926"}],"collection":[{"href":"https:\/\/ealujan-bue.infd.edu.ar\/sitio\/wp-json\/wp\/v2\/pages"}],"about":[{"href":"https:\/\/ealujan-bue.infd.edu.ar\/sitio\/wp-json\/wp\/v2\/types\/page"}],"author":[{"embeddable":true,"href":"https:\/\/ealujan-bue.infd.edu.ar\/sitio\/wp-json\/wp\/v2\/users\/337"}],"replies":[{"embeddable":true,"href":"https:\/\/ealujan-bue.infd.edu.ar\/sitio\/wp-json\/wp\/v2\/comments?post=5926"}],"version-history":[{"count":1,"href":"https:\/\/ealujan-bue.infd.edu.ar\/sitio\/wp-json\/wp\/v2\/pages\/5926\/revisions"}],"predecessor-version":[{"id":5928,"href":"https:\/\/ealujan-bue.infd.edu.ar\/sitio\/wp-json\/wp\/v2\/pages\/5926\/revisions\/5928"}],"wp:attachment":[{"href":"https:\/\/ealujan-bue.infd.edu.ar\/sitio\/wp-json\/wp\/v2\/media?parent=5926"}],"curies":[{"name":"wp","href":"https:\/\/api.w.org\/{rel}","templated":true}]}}