{"id":4534,"date":"2023-12-13T15:03:05","date_gmt":"2023-12-13T18:03:05","guid":{"rendered":"https:\/\/ealujan-bue.infd.edu.ar\/sitio\/?page_id=4534"},"modified":"2026-02-02T11:29:31","modified_gmt":"2026-02-02T14:29:31","slug":"mesas-diseno-grafico","status":"publish","type":"page","link":"https:\/\/ealujan-bue.infd.edu.ar\/sitio\/mesas-diseno-grafico\/","title":{"rendered":"Mesas Dise\u00f1ador Gr\u00e1fico Febrero-Marzo 2026"},"content":{"rendered":"<p>Inscripciones a las mesas v\u00eda formulario web (sin excepci\u00f3n) a partir del 01\/02 AL 10\/02.<\/p>\n<p>Aquel estudiante que \u00abno figure en el acta volante por no haberse inscripto a la mesa\u00bb no podr\u00e1 rendirla.<\/p>\n<p><a href=\"https:\/\/docs.google.com\/forms\/d\/1zeZVxmOwNZsyv75Gi_d9IOJ59ww-bwLp74P3xv-1zqw\/edit\">PARA INSCRIBIRTE HACE CLICK AQU\u00cd<\/a><\/p>\n<table style=\"height: 1288px;\" width=\"1020\">\n<tbody>\n<tr>\n<td style=\"text-align: center;\" colspan=\"7\" width=\"789\"><strong>EXAMENES FEBRERO- MARZO 2026<\/strong><\/td>\n<\/tr>\n<tr>\n<td width=\"76\">Lunes<\/td>\n<td width=\"63\">23\/02<\/td>\n<td width=\"50\">1\u00ba tdg<\/td>\n<td width=\"48\">9:00<\/td>\n<td width=\"258\">Taller de Texto<\/td>\n<td width=\"133\">Pirroncello<\/td>\n<td width=\"161\">Ladron Bustelo<\/td>\n<\/tr>\n<tr>\n<td width=\"76\">Lunes<\/td>\n<td width=\"63\">02\/03<\/td>\n<td width=\"50\">1\u00ba tdg<\/td>\n<td width=\"48\">10:00<\/td>\n<td width=\"258\">Grafica Asistida por computadora I<\/td>\n<td width=\"133\">Ladron Bustelo<\/td>\n<td width=\"161\">Pirroncello<\/td>\n<\/tr>\n<tr>\n<td width=\"76\">Martes<\/td>\n<td width=\"63\">24\/02<\/td>\n<td width=\"50\">1\u00ba tdg<\/td>\n<td width=\"48\">9:00<\/td>\n<td width=\"258\">Comunicaci\u00f3n<\/td>\n<td width=\"133\">Sibolich<\/td>\n<td width=\"161\">Lopez<\/td>\n<\/tr>\n<tr>\n<td width=\"76\">Mi\u00e9rcoles<\/td>\n<td width=\"63\">25\/02<\/td>\n<td width=\"50\">1\u00ba tdg<\/td>\n<td width=\"48\">10:00<\/td>\n<td width=\"258\">Taller de dise\u00f1o 1<\/td>\n<td width=\"133\">Barros<\/td>\n<td width=\"161\">Ladr\u00f3n Bustelo<\/td>\n<\/tr>\n<tr>\n<td width=\"76\">Jueves<\/td>\n<td width=\"63\">26\/02<\/td>\n<td width=\"50\">1\u00ba tdg<\/td>\n<td width=\"48\">9:00<\/td>\n<td width=\"258\">Tipografia 1<\/td>\n<td width=\"133\">Lopez<\/td>\n<td width=\"161\">Sibolich<\/td>\n<\/tr>\n<tr>\n<td width=\"76\">Jueves<\/td>\n<td width=\"63\">05\/03<\/td>\n<td width=\"50\">1\u00ba tdg<\/td>\n<td width=\"48\">10:00<\/td>\n<td width=\"258\">Historia del arte y el dise\u00f1o<\/td>\n<td width=\"133\">Santillan<\/td>\n<td width=\"161\">Naredo<\/td>\n<\/tr>\n<tr>\n<td width=\"76\">Viernes<\/td>\n<td width=\"63\">27\/02<\/td>\n<td width=\"50\">1\u00ba tdg<\/td>\n<td width=\"48\">8:00<\/td>\n<td width=\"258\">Dibujo<\/td>\n<td width=\"133\">Lopez<\/td>\n<td width=\"161\">Vigan\u00f3<\/td>\n<\/tr>\n<tr>\n<td width=\"76\">Martes<\/td>\n<td width=\"63\">03\/03<\/td>\n<td width=\"50\">1\u00ba tdg<\/td>\n<td width=\"48\">10:00<\/td>\n<td width=\"258\">Percepci\u00f3n<\/td>\n<td width=\"133\">Lopez<\/td>\n<td width=\"161\">Sibolich<\/td>\n<\/tr>\n<tr>\n<td width=\"76\">Jueves<\/td>\n<td width=\"63\">05\/03<\/td>\n<td width=\"50\">1\u00ba tdg<\/td>\n<td width=\"48\">9:00<\/td>\n<td width=\"258\">Espacio Institucional I (Morfolog\u00eda 1)<\/td>\n<td width=\"133\">Lopez<\/td>\n<td width=\"161\">Sibolich<\/td>\n<\/tr>\n<tr>\n<td width=\"76\"><\/td>\n<td width=\"63\"><\/td>\n<td width=\"50\"><\/td>\n<td width=\"48\"><\/td>\n<td width=\"258\"><\/td>\n<td width=\"133\"><\/td>\n<td width=\"161\"><\/td>\n<\/tr>\n<tr>\n<td width=\"76\">Martes<\/td>\n<td width=\"63\">24\/02<\/td>\n<td width=\"50\">2\u00ba tdg<\/td>\n<td width=\"48\">9:00<\/td>\n<td width=\"258\">Tecnolog\u00eda 1<\/td>\n<td width=\"133\">Quevedo<\/td>\n<td width=\"161\">Simone<\/td>\n<\/tr>\n<tr>\n<td width=\"76\">Miercoles<\/td>\n<td width=\"63\">25\/02<\/td>\n<td width=\"50\">2\u00ba tdg<\/td>\n<td width=\"48\">9:00<\/td>\n<td width=\"258\">Organizaci\u00f3n Institucional<\/td>\n<td width=\"133\">Simone<\/td>\n<td width=\"161\">Santillan<\/td>\n<\/tr>\n<tr>\n<td width=\"76\">Viernes<\/td>\n<td width=\"63\">27\/02<\/td>\n<td width=\"50\">2\u00ba tdg<\/td>\n<td width=\"48\">9:00<\/td>\n<td width=\"258\">Semiolog\u00eda<\/td>\n<td width=\"133\">Vigan\u00f3<\/td>\n<td width=\"161\">Lopez<\/td>\n<\/tr>\n<tr>\n<td width=\"76\">Mi\u00e9rcoles<\/td>\n<td width=\"63\">04\/03<\/td>\n<td width=\"50\">2\u00ba tdg<\/td>\n<td width=\"48\">9:00<\/td>\n<td width=\"258\">Taller de dise\u00f1o 2<\/td>\n<td width=\"133\">Simone<\/td>\n<td width=\"161\">Barros<\/td>\n<\/tr>\n<tr>\n<td width=\"76\">Miercoles<\/td>\n<td width=\"63\">25\/02<\/td>\n<td width=\"50\">2\u00ba tdg<\/td>\n<td width=\"48\">10:00<\/td>\n<td width=\"258\">Historia del Dise\u00f1o<\/td>\n<td width=\"133\">Santill\u00e1n<\/td>\n<td width=\"161\">Ladr\u00f3n Bustelo<\/td>\n<\/tr>\n<tr>\n<td width=\"76\">Lunes<\/td>\n<td width=\"63\">02\/03<\/td>\n<td width=\"50\">2\u00ba tdg<\/td>\n<td width=\"48\">9:00<\/td>\n<td width=\"258\">Tipograf\u00eda 2<\/td>\n<td width=\"133\">Navarro<\/td>\n<td width=\"161\">Pirroncello<\/td>\n<\/tr>\n<tr>\n<td width=\"76\">Martes<\/td>\n<td width=\"63\">03\/03<\/td>\n<td width=\"50\">2\u00ba tdg<\/td>\n<td width=\"48\">9:00<\/td>\n<td width=\"258\">Grafica Asistida por computadora II<\/td>\n<td width=\"133\">Ladron Bustelo<\/td>\n<td width=\"161\">Quevedo<\/td>\n<\/tr>\n<tr>\n<td width=\"76\">Miercoles<\/td>\n<td width=\"63\">04\/03<\/td>\n<td width=\"50\">2\u00ba tdg<\/td>\n<td width=\"48\">9:00<\/td>\n<td width=\"258\">Espacio Institucional II (Morfologia 2)<\/td>\n<td width=\"133\">Simone<\/td>\n<td width=\"161\">Ladr\u00f3n Bustelo<\/td>\n<\/tr>\n<tr>\n<td width=\"76\"><\/td>\n<td width=\"63\"><\/td>\n<td width=\"50\"><\/td>\n<td width=\"48\"><\/td>\n<td width=\"258\"><\/td>\n<td width=\"133\"><\/td>\n<td width=\"161\"><\/td>\n<\/tr>\n<tr>\n<td width=\"76\">Jueves<\/td>\n<td width=\"63\">26\/02<\/td>\n<td width=\"50\">3\u00ba tdg<\/td>\n<td width=\"48\">9:00<\/td>\n<td width=\"258\">Etica y Legislaci\u00f3n<\/td>\n<td width=\"133\">Naredo<\/td>\n<td width=\"161\">Santillan<\/td>\n<\/tr>\n<tr>\n<td width=\"76\">Viernes<\/td>\n<td width=\"63\">27\/02<\/td>\n<td width=\"50\">3\u00ba tdg<\/td>\n<td width=\"48\">10:00<\/td>\n<td width=\"258\">Fotografia<\/td>\n<td width=\"133\">Campodonico<\/td>\n<td width=\"161\">Barabino<\/td>\n<\/tr>\n<tr>\n<td width=\"76\">Viernes<\/td>\n<td width=\"63\">06\/03<\/td>\n<td width=\"50\">3\u00ba tdg<\/td>\n<td width=\"48\">11:00<\/td>\n<td width=\"258\">Espacio Institucional III (Web)<\/td>\n<td width=\"133\">Ravazzano<\/td>\n<td width=\"161\">Simone<\/td>\n<\/tr>\n<tr>\n<td width=\"76\">Martes<\/td>\n<td width=\"63\">24\/02<\/td>\n<td width=\"50\">3\u00ba tdg<\/td>\n<td width=\"48\">10:00<\/td>\n<td width=\"258\">Taller de Dise\u00f1o y Proyecto<\/td>\n<td width=\"133\">Ladron Bustelo<\/td>\n<td width=\"161\">Quevedo<\/td>\n<\/tr>\n<tr>\n<td width=\"76\">Jueves<\/td>\n<td width=\"63\">05\/03<\/td>\n<td width=\"50\">3\u00ba tdg<\/td>\n<td width=\"48\">10:00<\/td>\n<td width=\"258\">Tecnolog\u00eda 2<\/td>\n<td width=\"133\">Simone<\/td>\n<td width=\"161\">Barros<\/td>\n<\/tr>\n<tr>\n<td width=\"76\">Viernes<\/td>\n<td width=\"63\">27\/02<\/td>\n<td width=\"50\">3\u00ba tdg<\/td>\n<td width=\"48\">9:00<\/td>\n<td width=\"258\">Taller multimedia<\/td>\n<td width=\"133\">Barabino<\/td>\n<td width=\"161\">Campodonico<\/td>\n<\/tr>\n<tr>\n<td width=\"76\">Viernes<\/td>\n<td width=\"63\">06\/03<\/td>\n<td width=\"50\">3\u00ba tdg<\/td>\n<td width=\"48\">10:00<\/td>\n<td width=\"258\">Sociologia de la Comunicaci\u00f3n<\/td>\n<td width=\"133\">Sibolich<\/td>\n<td width=\"161\">Lopez, M.<\/td>\n<\/tr>\n<tr>\n<td width=\"76\"><\/td>\n<td width=\"63\"><\/td>\n<td width=\"50\"><\/td>\n<td width=\"48\"><\/td>\n<td width=\"258\"><\/td>\n<td width=\"133\"><\/td>\n<td width=\"161\"><\/td>\n<\/tr>\n<tr>\n<td width=\"76\">Lunes<\/td>\n<td width=\"63\">23\/02<\/td>\n<td width=\"50\">4\u00ba dg<\/td>\n<td width=\"48\">8:00<\/td>\n<td width=\"258\">Dise\u00f1o en medios<\/td>\n<td width=\"133\">Pirroncello<\/td>\n<td width=\"161\">Barros<\/td>\n<\/tr>\n<tr>\n<td width=\"76\">Lunes<\/td>\n<td width=\"63\">02\/03<\/td>\n<td width=\"50\">4\u00ba dg<\/td>\n<td width=\"48\">8:00<\/td>\n<td width=\"258\">Dise\u00f1o Institucional<\/td>\n<td width=\"133\">Barros<\/td>\n<td width=\"161\">Pirroncello<\/td>\n<\/tr>\n<tr>\n<td width=\"76\">Martes<\/td>\n<td width=\"63\">24\/02<\/td>\n<td width=\"50\">4\u00ba dg<\/td>\n<td width=\"48\">11:00<\/td>\n<td width=\"258\">Arte, Cult. y Est. del Mundo Contemp.<\/td>\n<td width=\"133\">Sibolich<\/td>\n<td width=\"161\">Quevedo<\/td>\n<\/tr>\n<tr>\n<td width=\"76\">Mi\u00e9rcoles<\/td>\n<td width=\"63\">25\/02<\/td>\n<td width=\"50\">4\u00ba dg<\/td>\n<td width=\"48\">11:00<\/td>\n<td width=\"258\">Dise\u00f1o de la informaci\u00f3n<\/td>\n<td width=\"133\">Simone<\/td>\n<td width=\"161\">Santill\u00e1n<\/td>\n<\/tr>\n<tr>\n<td width=\"76\">Jueves<\/td>\n<td width=\"63\">26\/02<\/td>\n<td width=\"50\">4\u00ba dg<\/td>\n<td width=\"48\">9:00<\/td>\n<td width=\"258\">Espacio Institucional IV<\/td>\n<td width=\"133\">Barros<\/td>\n<td width=\"161\">Simone<\/td>\n<\/tr>\n<\/tbody>\n<\/table>\n","protected":false},"excerpt":{"rendered":"<p>Inscripciones a las mesas v\u00eda formulario web (sin excepci\u00f3n) a partir del 01\/02 AL 10\/02. Aquel estudiante que \u00abno figure en el acta volante por no haberse inscripto a la mesa\u00bb no podr\u00e1 rendirla. PARA INSCRIBIRTE HACE CLICK AQU\u00cd EXAMENES FEBRERO- MARZO 2026 Lunes 23\/02 1\u00ba tdg 9:00 Taller de Texto Pirroncello Ladron Bustelo Lunes &#8230; <a title=\"Mesas Dise\u00f1ador Gr\u00e1fico Febrero-Marzo 2026\" class=\"read-more\" href=\"https:\/\/ealujan-bue.infd.edu.ar\/sitio\/mesas-diseno-grafico\/\" aria-label=\"More on Mesas Dise\u00f1ador Gr\u00e1fico Febrero-Marzo 2026\">[+]<\/a><\/p>\n","protected":false},"author":337,"featured_media":0,"parent":0,"menu_order":0,"comment_status":"closed","ping_status":"closed","template":"","meta":[],"acf":[],"_links":{"self":[{"href":"https:\/\/ealujan-bue.infd.edu.ar\/sitio\/wp-json\/wp\/v2\/pages\/4534"}],"collection":[{"href":"https:\/\/ealujan-bue.infd.edu.ar\/sitio\/wp-json\/wp\/v2\/pages"}],"about":[{"href":"https:\/\/ealujan-bue.infd.edu.ar\/sitio\/wp-json\/wp\/v2\/types\/page"}],"author":[{"embeddable":true,"href":"https:\/\/ealujan-bue.infd.edu.ar\/sitio\/wp-json\/wp\/v2\/users\/337"}],"replies":[{"embeddable":true,"href":"https:\/\/ealujan-bue.infd.edu.ar\/sitio\/wp-json\/wp\/v2\/comments?post=4534"}],"version-history":[{"count":47,"href":"https:\/\/ealujan-bue.infd.edu.ar\/sitio\/wp-json\/wp\/v2\/pages\/4534\/revisions"}],"predecessor-version":[{"id":6479,"href":"https:\/\/ealujan-bue.infd.edu.ar\/sitio\/wp-json\/wp\/v2\/pages\/4534\/revisions\/6479"}],"wp:attachment":[{"href":"https:\/\/ealujan-bue.infd.edu.ar\/sitio\/wp-json\/wp\/v2\/media?parent=4534"}],"curies":[{"name":"wp","href":"https:\/\/api.w.org\/{rel}","templated":true}]}}