{"id":4515,"date":"2023-11-30T13:43:21","date_gmt":"2023-11-30T16:43:21","guid":{"rendered":"https:\/\/ealujan-bue.infd.edu.ar\/sitio\/?page_id=4515"},"modified":"2026-02-02T15:20:14","modified_gmt":"2026-02-02T18:20:14","slug":"reinscripcion-2026","status":"publish","type":"page","link":"https:\/\/ealujan-bue.infd.edu.ar\/sitio\/reinscripcion-2026\/","title":{"rendered":"REINSCRIPCIONES 2026 PARA ESTUDIANTES REGULARES, LIBRES Y RECURSANTES"},"content":{"rendered":"\n<p>(solo para alumnos de la instituci\u00f3n)<\/p>\n\n\n\n<p><strong><a href=\"https:\/\/docs.google.com\/forms\/d\/1KQzFGMCt9eF9YurOGsMJxG80HcVAgqosAV6jbfxtL4A\/edit\">DISE\u00d1ADOR GR\u00c1FICO<\/a><\/strong><\/p>\n\n\n\n<p><strong><a href=\"https:\/\/docs.google.com\/forms\/d\/1Xa71OPMYIyw6fNvGd-uARJdKfbcBvkC3n_XmZZtNY0Y\/edit\">PROFESORADO EN ARTES VISUALES<\/a><\/strong><\/p>\n\n\n\n<p><strong><a href=\"https:\/\/forms.gle\/3eof1d1AVwgqXfLj8\">FOBA M\u00daSICA POPULAR<\/a><\/strong><\/p>\n\n\n\n<p><strong><a href=\"https:\/\/docs.google.com\/forms\/d\/e\/1FAIpQLSfWoyyJiXon3N0pMbeXZiRnlW5ZRH7TeSwwd7dT5CZm9sYG8g\/viewform?usp=sharing&amp;ouid=106194142331302254698\">PROFESORADO EN M\u00daSICA CON ORIENTACI\u00d3N EN INSTRUMENTO POPULAR 1ER A\u00d1O<\/a><\/strong><\/p>\n\n\n\n<p><strong><a href=\"https:\/\/forms.gle\/uqda8cjp66AzFGDz9\">PROFESORADO EN M\u00daSICA CON ORIENTACI\u00d3N EN INSTRUMENTO POPULAR 2DO A\u00d1O<\/a><\/strong><\/p>\n\n\n\n<p><strong><a href=\"https:\/\/forms.gle\/crLgKT4nXytnRSKm7\">PROFESORADO EN M\u00daSICA CON ORIENTACI\u00d3N EN INSTRUMENTO POPULAR 3ER A\u00d1O<\/a><\/strong><\/p>\n\n\n\n<p><strong><a href=\"https:\/\/forms.gle\/YX5ASrWdC953QKTH6\">PROFESORADO EN M\u00daSICA CON ORIENTACI\u00d3N EN INSTRUMENTO POPULAR 4TO A\u00d1O<\/a><\/strong><\/p>\n\n\n\n<p><\/p>\n","protected":false},"excerpt":{"rendered":"<p>(solo para alumnos de la instituci\u00f3n) DISE\u00d1ADOR GR\u00c1FICO PROFESORADO EN ARTES VISUALES FOBA M\u00daSICA POPULAR PROFESORADO EN M\u00daSICA CON ORIENTACI\u00d3N EN INSTRUMENTO POPULAR 1ER A\u00d1O PROFESORADO EN M\u00daSICA CON ORIENTACI\u00d3N EN INSTRUMENTO POPULAR 2DO A\u00d1O PROFESORADO EN M\u00daSICA CON ORIENTACI\u00d3N EN INSTRUMENTO POPULAR 3ER A\u00d1O PROFESORADO EN M\u00daSICA CON ORIENTACI\u00d3N EN INSTRUMENTO POPULAR 4TO A\u00d1O<\/p>\n","protected":false},"author":337,"featured_media":0,"parent":0,"menu_order":0,"comment_status":"closed","ping_status":"closed","template":"","meta":[],"acf":[],"_links":{"self":[{"href":"https:\/\/ealujan-bue.infd.edu.ar\/sitio\/wp-json\/wp\/v2\/pages\/4515"}],"collection":[{"href":"https:\/\/ealujan-bue.infd.edu.ar\/sitio\/wp-json\/wp\/v2\/pages"}],"about":[{"href":"https:\/\/ealujan-bue.infd.edu.ar\/sitio\/wp-json\/wp\/v2\/types\/page"}],"author":[{"embeddable":true,"href":"https:\/\/ealujan-bue.infd.edu.ar\/sitio\/wp-json\/wp\/v2\/users\/337"}],"replies":[{"embeddable":true,"href":"https:\/\/ealujan-bue.infd.edu.ar\/sitio\/wp-json\/wp\/v2\/comments?post=4515"}],"version-history":[{"count":14,"href":"https:\/\/ealujan-bue.infd.edu.ar\/sitio\/wp-json\/wp\/v2\/pages\/4515\/revisions"}],"predecessor-version":[{"id":6481,"href":"https:\/\/ealujan-bue.infd.edu.ar\/sitio\/wp-json\/wp\/v2\/pages\/4515\/revisions\/6481"}],"wp:attachment":[{"href":"https:\/\/ealujan-bue.infd.edu.ar\/sitio\/wp-json\/wp\/v2\/media?parent=4515"}],"curies":[{"name":"wp","href":"https:\/\/api.w.org\/{rel}","templated":true}]}}