{"id":4445,"date":"2023-11-16T14:44:34","date_gmt":"2023-11-16T17:44:34","guid":{"rendered":"https:\/\/ealujan-bue.infd.edu.ar\/sitio\/?page_id=4445"},"modified":"2026-01-30T13:02:47","modified_gmt":"2026-01-30T16:02:47","slug":"mesas-de-examen-2026","status":"publish","type":"page","link":"https:\/\/ealujan-bue.infd.edu.ar\/sitio\/ubicacion\/inicio\/mesas-de-examen-2026\/","title":{"rendered":"MESAS DE EXAMEN MARZO 2026.                              PARA ESTUDIANTES REGULARES,PENDIENTES Y LIBRES.                                                           \u00daNICO LLAMADO."},"content":{"rendered":"\n<figure class=\"wp-block-table is-style-stripes\"><table class=\"has-fixed-layout\"><tbody><tr><td>PROFESORADO EN ARTES VISUALES<\/td><td><p><a href=\"https:\/\/docs.google.com\/forms\/d\/1YbYmb13_GsdYgQm_hCJLSFernghO_eg-Uzz-5PGZFAI\/edit\">CLICK AQU\u00cd<\/a><\/p><\/td><\/tr><tr><td>PROFESORADO EN M\u00daSICA<\/td><td><p><a href=\"https:\/\/docs.google.com\/forms\/d\/1mFWBgRR6FOSrMKFeJMGC2ftqdloWGv-Qr4grZAZwjFY\/edit\">CLICK AQU\u00cd<\/a><\/p><\/td><\/tr><tr><td>DISE\u00d1ADOR GR\u00c1FICO<\/td><td><a href=\"https:\/\/docs.google.com\/forms\/d\/1zeZVxmOwNZsyv75Gi_d9IOJ59ww-bwLp74P3xv-1zqw\/edit\">CLICK AQU\u00cd<\/a><\/td><\/tr><tr><td>FOBA I-II Y III<\/td><td><p><a href=\"https:\/\/forms.gle\/2GkS1jH11noSaF8v5\">CLICK AQU\u00cd<\/a><\/p><\/td><\/tr><\/tbody><\/table><\/figure>\n\n\n\n<p><\/p>\n\n\n\n<p><\/p>\n\n\n\n<p><\/p>\n\n\n\n<h2 class=\"wp-block-heading\"><\/h2>\n","protected":false},"excerpt":{"rendered":"<p>PROFESORADO EN ARTES VISUALES CLICK AQU\u00cd PROFESORADO EN M\u00daSICA CLICK AQU\u00cd DISE\u00d1ADOR GR\u00c1FICO CLICK AQU\u00cd FOBA I-II Y III CLICK AQU\u00cd<\/p>\n","protected":false},"author":337,"featured_media":0,"parent":286,"menu_order":0,"comment_status":"closed","ping_status":"closed","template":"","meta":[],"acf":[],"_links":{"self":[{"href":"https:\/\/ealujan-bue.infd.edu.ar\/sitio\/wp-json\/wp\/v2\/pages\/4445"}],"collection":[{"href":"https:\/\/ealujan-bue.infd.edu.ar\/sitio\/wp-json\/wp\/v2\/pages"}],"about":[{"href":"https:\/\/ealujan-bue.infd.edu.ar\/sitio\/wp-json\/wp\/v2\/types\/page"}],"author":[{"embeddable":true,"href":"https:\/\/ealujan-bue.infd.edu.ar\/sitio\/wp-json\/wp\/v2\/users\/337"}],"replies":[{"embeddable":true,"href":"https:\/\/ealujan-bue.infd.edu.ar\/sitio\/wp-json\/wp\/v2\/comments?post=4445"}],"version-history":[{"count":29,"href":"https:\/\/ealujan-bue.infd.edu.ar\/sitio\/wp-json\/wp\/v2\/pages\/4445\/revisions"}],"predecessor-version":[{"id":6463,"href":"https:\/\/ealujan-bue.infd.edu.ar\/sitio\/wp-json\/wp\/v2\/pages\/4445\/revisions\/6463"}],"up":[{"embeddable":true,"href":"https:\/\/ealujan-bue.infd.edu.ar\/sitio\/wp-json\/wp\/v2\/pages\/286"}],"wp:attachment":[{"href":"https:\/\/ealujan-bue.infd.edu.ar\/sitio\/wp-json\/wp\/v2\/media?parent=4445"}],"curies":[{"name":"wp","href":"https:\/\/api.w.org\/{rel}","templated":true}]}}