{"id":4010,"date":"2023-10-02T15:31:39","date_gmt":"2023-10-02T18:31:39","guid":{"rendered":"https:\/\/ealujan-bue.infd.edu.ar\/sitio\/?page_id=4010"},"modified":"2023-10-02T15:31:40","modified_gmt":"2023-10-02T18:31:40","slug":"emilio-renart","status":"publish","type":"page","link":"https:\/\/ealujan-bue.infd.edu.ar\/sitio\/emilio-renart\/","title":{"rendered":"Emilio Renart"},"content":{"rendered":"\n<figure class=\"wp-block-image size-full is-resized\"><img decoding=\"async\" loading=\"lazy\" src=\"https:\/\/ealujan-bue.infd.edu.ar\/sitio\/wp-content\/uploads\/2023\/10\/IMG-20230529-WA0045.jpg\" alt=\"\" class=\"wp-image-4011\" width=\"715\" height=\"484\" srcset=\"https:\/\/ealujan-bue.infd.edu.ar\/sitio\/wp-content\/uploads\/2023\/10\/IMG-20230529-WA0045.jpg 1600w, https:\/\/ealujan-bue.infd.edu.ar\/sitio\/wp-content\/uploads\/2023\/10\/IMG-20230529-WA0045-1000x677.jpg 1000w, https:\/\/ealujan-bue.infd.edu.ar\/sitio\/wp-content\/uploads\/2023\/10\/IMG-20230529-WA0045-768x520.jpg 768w, https:\/\/ealujan-bue.infd.edu.ar\/sitio\/wp-content\/uploads\/2023\/10\/IMG-20230529-WA0045-1536x1040.jpg 1536w\" sizes=\"(max-width: 715px) 100vw, 715px\" \/><\/figure>\n\n\n\n<p>Comentario sobre Dibujo N\u00b0 1 (Serie Biocosmos)<br>A diferencia de buena parte de los artistas de su generaci\u00f3n, Renart tuvo una formaci\u00f3n<br>tradicional que culmin\u00f3 con el t\u00edtulo de profesor por la Escuela Nacional de Bellas Artes.<br>Sin embargo, su producci\u00f3n result\u00f3 innovadora y resistente a clasificaciones en t\u00e9rminos<br>de disciplinas y estilos. Renart explicaba el sentido de la serie de cinco obras volum\u00e9tricas<br>que realiz\u00f3 entre 1962 y 1967 con el t\u00edtulo Integralismo Biocosmos afirmando que<br>\u201cexaltaban pl\u00e1sticamente la generaci\u00f3n de la materia, el momento de la creaci\u00f3n pura y<br>primaria\u201d (1). La densidad material de esas piezas de grandes dimensiones, naturaleza<br>heterog\u00e9nea y connotaci\u00f3n org\u00e1nica las invest\u00eda de una corporeidad al mismo tiempo<br>excesiva y fr\u00e1gil (recordemos que las cinco obras se destruyeron casi por completo a causa<br>de los traslados y el descuido). Por su parte, el dibujo en cuanto actividad configuradora<br>por antonomasia era af\u00edn a su universo creativo. Para Renart no fue ni un medio<br>secundario, ni una herramienta para bocetar. Las jerarqu\u00edas tradicionales ced\u00edan ante las<br>\u201cnecesidades expresivas de la creaci\u00f3n\u201d (2).<br>Renart utiliz\u00f3 y adapt\u00f3 instrumentos variados para esparcir tinta y t\u00e9mpera sobre papel:<br>aer\u00f3grafo, l\u00e1piz, bol\u00edgrafos y pinceles (3). Y si en 1964 obtuvo una distinci\u00f3n especial en el<br>certamen organizado por el Instituto Torcuato Di Tella con Integralismo Biocosmos no 3, al<br>a\u00f1o siguiente realiz\u00f3 una exposici\u00f3n individual de obra sobre papel en la Pan American<br>Union, Washington, y gan\u00f3 el primer premio de dibujo en el Premio Braque. El Museo de<br>Arte Moderno de Buenos Aires adquiri\u00f3 una de las tintas galardonadas, que en 1966 form\u00f3<br>parte de la exhibici\u00f3n Art of Latin America since Independence en el University of Texas Art<br>Museum. Ese mismo a\u00f1o, incorpor\u00f3 obras muy similares a Dibujo no 1 en la<br>exposici\u00f3n Investigaci\u00f3n sobre el proceso de la creaci\u00f3n, que organiz\u00f3 con Kenneth Kemble,<br>Enrique Barilari y V\u00edctor Grippo en la galer\u00eda Vignes (4), y en 1967 acompa\u00f1\u00f3 con dibujos la<br>presentaci\u00f3n de Integralismo Biocosmos no 5 en la Bienal de San Pablo (5). Este es el<br>contexto en el cual el MNBA adquiri\u00f3 Dibujo no 1. El imaginario que despliega esta obra<br>tambi\u00e9n parece tener una escala a la vez celular y c\u00f3smica. Renart no aplicaba una carga<br>gestual a sus trazos, sino que los conceb\u00eda como \u201chechos mec\u00e1nicos\u201d. Estas formas<br>redondeadas recuerdan tanto microorganismos como geodas, esas burbujas de piedra<br>dentro de las cuales toman consistencia los cristales. Y as\u00ed como sus objetos comenzaban<br>en la pared y se extend\u00edan al espacio de la sala, sus dibujos tampoco se limitan a los<br>bordes de la hoja de papel: algunos de los trazos continuos y firmes que dan forma a esta<br>suerte de nodo filamentoso parecen extenderse por fuera del soporte. Se trata de una<br>concepci\u00f3n continua del universo pl\u00e1stico que implica al espectador \u2013seg\u00fan Paulo<br>Herkenhoff\u2013 en \u201cun ancestral momento de sexualidad en el que cada l\u00ednea puede ser<br>considerada la impulsiva capilaridad del deseo\u201d (6).<br>por Isabel Plante<\/p>\n","protected":false},"excerpt":{"rendered":"<p>Comentario sobre Dibujo N\u00b0 1 (Serie Biocosmos)A diferencia de buena parte de los artistas de su generaci\u00f3n, Renart tuvo una formaci\u00f3ntradicional que culmin\u00f3 con el t\u00edtulo de profesor por la Escuela Nacional de Bellas Artes.Sin embargo, su producci\u00f3n result\u00f3 innovadora y resistente a clasificaciones en t\u00e9rminosde disciplinas y estilos. Renart explicaba el sentido de la &#8230; <a title=\"Emilio Renart\" class=\"read-more\" href=\"https:\/\/ealujan-bue.infd.edu.ar\/sitio\/emilio-renart\/\" aria-label=\"More on Emilio Renart\">[+]<\/a><\/p>\n","protected":false},"author":337,"featured_media":0,"parent":0,"menu_order":0,"comment_status":"closed","ping_status":"closed","template":"","meta":[],"acf":[],"_links":{"self":[{"href":"https:\/\/ealujan-bue.infd.edu.ar\/sitio\/wp-json\/wp\/v2\/pages\/4010"}],"collection":[{"href":"https:\/\/ealujan-bue.infd.edu.ar\/sitio\/wp-json\/wp\/v2\/pages"}],"about":[{"href":"https:\/\/ealujan-bue.infd.edu.ar\/sitio\/wp-json\/wp\/v2\/types\/page"}],"author":[{"embeddable":true,"href":"https:\/\/ealujan-bue.infd.edu.ar\/sitio\/wp-json\/wp\/v2\/users\/337"}],"replies":[{"embeddable":true,"href":"https:\/\/ealujan-bue.infd.edu.ar\/sitio\/wp-json\/wp\/v2\/comments?post=4010"}],"version-history":[{"count":1,"href":"https:\/\/ealujan-bue.infd.edu.ar\/sitio\/wp-json\/wp\/v2\/pages\/4010\/revisions"}],"predecessor-version":[{"id":4013,"href":"https:\/\/ealujan-bue.infd.edu.ar\/sitio\/wp-json\/wp\/v2\/pages\/4010\/revisions\/4013"}],"wp:attachment":[{"href":"https:\/\/ealujan-bue.infd.edu.ar\/sitio\/wp-json\/wp\/v2\/media?parent=4010"}],"curies":[{"name":"wp","href":"https:\/\/api.w.org\/{rel}","templated":true}]}}