{"id":286,"date":"2016-10-31T13:17:59","date_gmt":"2016-10-31T16:17:59","guid":{"rendered":"https:\/\/ealujan-bue.infd.edu.ar\/sitio\/?page_id=286"},"modified":"2026-04-05T10:10:25","modified_gmt":"2026-04-05T13:10:25","slug":"inicio","status":"publish","type":"page","link":"https:\/\/ealujan-bue.infd.edu.ar\/sitio\/","title":{"rendered":"PAGINA INICIAL"},"content":{"rendered":"<div class=\"j_16gffp5jc0 _5eit b_16gffp9c6p clearfix\">\n<div class=\"clearfix h_16gffp5hm_\">\n<div style=\"text-align: center;\"><span style=\"color: #999999;\"><em><span style=\"font-size: 10pt;\"><span style=\"font-family: trebuchet ms,geneva;\"><span style=\"font-size: 10pt; font-family: Verdana;\"><span style=\"font-size: 8pt;\"><span style=\"font-family: trebuchet ms,geneva; font-size: 12pt;\">Nuestro Instituto forma parte de la DEAR (Direcci\u00f3n de Educaci\u00f3n de Art\u00edstica) Dependiendo de la DGCyE (Direcci\u00f3n General de Cultura y Educaci\u00f3n). A trav\u00e9s de este sitio, comunicaremos novedades, informaci\u00f3n, compartiremos experiencias y brindaremos apoyo y asesoramiento a alumnos y docentes e interesados en formar parte de esta comunidad educativa.<\/span><\/span><\/span><\/span><\/span><\/em><\/span><\/div>\n<div>\u00a0<\/div>\n<\/div>\n<\/div>\n<div><img decoding=\"async\" loading=\"lazy\" class=\"wp-image-5391 alignleft\" src=\"https:\/\/ealujan-bue.infd.edu.ar\/sitio\/wp-content\/uploads\/2025\/05\/IMG-20220606-WA0001-1000x748.jpg\" alt=\"\" width=\"159\" height=\"119\" srcset=\"https:\/\/ealujan-bue.infd.edu.ar\/sitio\/wp-content\/uploads\/2025\/05\/IMG-20220606-WA0001-1000x748.jpg 1000w, https:\/\/ealujan-bue.infd.edu.ar\/sitio\/wp-content\/uploads\/2025\/05\/IMG-20220606-WA0001-768x575.jpg 768w, https:\/\/ealujan-bue.infd.edu.ar\/sitio\/wp-content\/uploads\/2025\/05\/IMG-20220606-WA0001-400x300.jpg 400w, https:\/\/ealujan-bue.infd.edu.ar\/sitio\/wp-content\/uploads\/2025\/05\/IMG-20220606-WA0001.jpg 1280w\" sizes=\"(max-width: 159px) 100vw, 159px\" \/> <img decoding=\"async\" loading=\"lazy\" class=\"wp-image-5396 alignleft\" src=\"https:\/\/ealujan-bue.infd.edu.ar\/sitio\/wp-content\/uploads\/2025\/05\/PIPIO-e1748302971373-1000x750.jpg\" alt=\"\" width=\"161\" height=\"121\" srcset=\"https:\/\/ealujan-bue.infd.edu.ar\/sitio\/wp-content\/uploads\/2025\/05\/PIPIO-e1748302971373-1000x750.jpg 1000w, https:\/\/ealujan-bue.infd.edu.ar\/sitio\/wp-content\/uploads\/2025\/05\/PIPIO-e1748302971373-768x576.jpg 768w, https:\/\/ealujan-bue.infd.edu.ar\/sitio\/wp-content\/uploads\/2025\/05\/PIPIO-e1748302971373.jpg 1398w\" sizes=\"(max-width: 161px) 100vw, 161px\" \/><img decoding=\"async\" loading=\"lazy\" class=\"wp-image-4879 alignleft\" src=\"https:\/\/ealujan-bue.infd.edu.ar\/sitio\/wp-content\/uploads\/2024\/06\/DSC_0283.jpg\" alt=\"\" width=\"183\" height=\"122\" \/><img decoding=\"async\" loading=\"lazy\" class=\"alignnone wp-image-5942\" src=\"https:\/\/ealujan-bue.infd.edu.ar\/sitio\/wp-content\/uploads\/2025\/08\/Musica-1000x667.jpg\" alt=\"\" width=\"183\" height=\"122\" srcset=\"https:\/\/ealujan-bue.infd.edu.ar\/sitio\/wp-content\/uploads\/2025\/08\/Musica-1000x667.jpg 1000w, https:\/\/ealujan-bue.infd.edu.ar\/sitio\/wp-content\/uploads\/2025\/08\/Musica-768x512.jpg 768w, https:\/\/ealujan-bue.infd.edu.ar\/sitio\/wp-content\/uploads\/2025\/08\/Musica-1536x1024.jpg 1536w, https:\/\/ealujan-bue.infd.edu.ar\/sitio\/wp-content\/uploads\/2025\/08\/Musica.jpg 1620w\" sizes=\"(max-width: 183px) 100vw, 183px\" \/>\u00a0 \u00a0 <img decoding=\"async\" loading=\"lazy\" class=\"alignnone wp-image-5951\" src=\"https:\/\/ealujan-bue.infd.edu.ar\/sitio\/wp-content\/uploads\/2025\/08\/DSC_1441-1.jpg\" alt=\"\" width=\"183\" height=\"122\" \/><\/div>\n<h3>\u00a0<\/h3>\n<p><a href=\"https:\/\/ealujan-bue.infd.edu.ar\/sitio\/prof-en-musica-popular\/\"><img decoding=\"async\" loading=\"lazy\" class=\"wp-image-5794 alignleft\" src=\"https:\/\/ealujan-bue.infd.edu.ar\/sitio\/wp-content\/uploads\/2025\/05\/ChatGPT-pmp-1000x1000.png\" alt=\"\" width=\"209\" height=\"209\" srcset=\"https:\/\/ealujan-bue.infd.edu.ar\/sitio\/wp-content\/uploads\/2025\/05\/ChatGPT-pmp-1000x1000.png 1000w, https:\/\/ealujan-bue.infd.edu.ar\/sitio\/wp-content\/uploads\/2025\/05\/ChatGPT-pmp-500x500.png 500w, https:\/\/ealujan-bue.infd.edu.ar\/sitio\/wp-content\/uploads\/2025\/05\/ChatGPT-pmp-768x768.png 768w, https:\/\/ealujan-bue.infd.edu.ar\/sitio\/wp-content\/uploads\/2025\/05\/ChatGPT-pmp.png 1024w\" sizes=\"(max-width: 209px) 100vw, 209px\" \/><\/a><a href=\"https:\/\/ealujan-bue.infd.edu.ar\/sitio\/tec-en-diseno-grafico\/\"><img decoding=\"async\" loading=\"lazy\" class=\"wp-image-5802 alignleft\" src=\"https:\/\/ealujan-bue.infd.edu.ar\/sitio\/wp-content\/uploads\/2025\/05\/ChatGPT-TDG-1-1000x1000.png\" alt=\"\" width=\"226\" height=\"226\" srcset=\"https:\/\/ealujan-bue.infd.edu.ar\/sitio\/wp-content\/uploads\/2025\/05\/ChatGPT-TDG-1-1000x1000.png 1000w, https:\/\/ealujan-bue.infd.edu.ar\/sitio\/wp-content\/uploads\/2025\/05\/ChatGPT-TDG-1-500x500.png 500w, https:\/\/ealujan-bue.infd.edu.ar\/sitio\/wp-content\/uploads\/2025\/05\/ChatGPT-TDG-1-768x768.png 768w, https:\/\/ealujan-bue.infd.edu.ar\/sitio\/wp-content\/uploads\/2025\/05\/ChatGPT-TDG-1.png 1024w\" sizes=\"(max-width: 226px) 100vw, 226px\" \/><\/a><span style=\"color: #ffffff;\">\u00a0 \u00a0<\/span> <a href=\"https:\/\/ealujan-bue.infd.edu.ar\/sitio\/prof-en-artes-visuales\/\"><img decoding=\"async\" loading=\"lazy\" class=\"alignnone  wp-image-5797\" src=\"https:\/\/ealujan-bue.infd.edu.ar\/sitio\/wp-content\/uploads\/2025\/05\/ChatGPT-pav-1000x1000.png\" alt=\"\" width=\"231\" height=\"231\" srcset=\"https:\/\/ealujan-bue.infd.edu.ar\/sitio\/wp-content\/uploads\/2025\/05\/ChatGPT-pav-1000x1000.png 1000w, https:\/\/ealujan-bue.infd.edu.ar\/sitio\/wp-content\/uploads\/2025\/05\/ChatGPT-pav-500x500.png 500w, https:\/\/ealujan-bue.infd.edu.ar\/sitio\/wp-content\/uploads\/2025\/05\/ChatGPT-pav-768x768.png 768w, https:\/\/ealujan-bue.infd.edu.ar\/sitio\/wp-content\/uploads\/2025\/05\/ChatGPT-pav.png 1024w\" sizes=\"(max-width: 231px) 100vw, 231px\" \/><\/a>\u00a0<a href=\"https:\/\/docs.google.com\/spreadsheets\/d\/1Iuct2-bwQ3ZgLzhmhRjHUVmlSnNL_0Uu\/edit?usp=sharing&amp;ouid=106194142331302254698&amp;rtpof=true&amp;sd=true\"><img decoding=\"async\" loading=\"lazy\" class=\"wp-image-5806 alignnone\" src=\"https:\/\/ealujan-bue.infd.edu.ar\/sitio\/wp-content\/uploads\/2025\/05\/ChatGPT-CALENDAR-1000x1000.png\" alt=\"\" width=\"226\" height=\"226\" srcset=\"https:\/\/ealujan-bue.infd.edu.ar\/sitio\/wp-content\/uploads\/2025\/05\/ChatGPT-CALENDAR-1000x1000.png 1000w, https:\/\/ealujan-bue.infd.edu.ar\/sitio\/wp-content\/uploads\/2025\/05\/ChatGPT-CALENDAR-500x500.png 500w, https:\/\/ealujan-bue.infd.edu.ar\/sitio\/wp-content\/uploads\/2025\/05\/ChatGPT-CALENDAR-768x768.png 768w, https:\/\/ealujan-bue.infd.edu.ar\/sitio\/wp-content\/uploads\/2025\/05\/ChatGPT-CALENDAR.png 1024w\" sizes=\"(max-width: 226px) 100vw, 226px\" \/><\/a><\/p>\n<p style=\"text-align: center;\"><img decoding=\"async\" loading=\"lazy\" class=\"alignnone wp-image-6557 \" src=\"https:\/\/ealujan-bue.infd.edu.ar\/sitio\/wp-content\/uploads\/2026\/04\/2026.png\" alt=\"\" width=\"654\" height=\"917\" \/><!--more--><\/p>\n<p style=\"text-align: center;\">\u00a0<\/p>\n<h2 style=\"text-align: center;\"><strong>INICIO DE CICLO LECTIVO 2026: LUNES 16 DE MARZO\u00a0<\/strong><\/h2>\n<p>&#8212;&#8212;&#8212;&#8212;&#8212;&#8212;&#8212;&#8212;&#8212;&#8212;&#8212;&#8212;&#8212;&#8212;&#8212;&#8212;&#8212;&#8212;&#8212;&#8212;&#8212;&#8212;&#8212;&#8212;&#8212;&#8212;&#8212;&#8212;&#8212;&#8212;&#8212;&#8212;&#8212;&#8212;&#8212;&#8212;&#8212;&#8212;&#8212;&#8212;&#8212;&#8212;&#8212;&#8212;&#8212;&#8212;&#8212;&#8212;&#8212;&#8212;&#8212;&#8212;&#8212;&#8212;&#8212;&#8212;&#8212;&#8212;&#8212;&#8212;&#8212;&#8212;&#8212;&#8212;&#8212;-<\/p>\n<p style=\"text-align: center;\"><strong>EQUIVALENCIAS 2026: <\/strong><\/p>\n<p style=\"text-align: center;\"><b><a href=\"https:\/\/ealujan-bue.infd.edu.ar\/sitio\/equivalencias\/\">NORMATIVA VIGENTE Y PLANILLAS PARA PRESENTAR TUS EQUIVALENCIAS<\/a><\/b><\/p>\n<h3 style=\"text-align: center;\"><a href=\"https:\/\/ealujan-bue.infd.edu.ar\/sitio\/blog\/\">\u00a0<span style=\"color: #ffffff;\"><img decoding=\"async\" loading=\"lazy\" class=\"alignnone size-full wp-image-5538\" src=\"https:\/\/ealujan-bue.infd.edu.ar\/sitio\/wp-content\/uploads\/2025\/05\/megafo.jpg\" alt=\"\" width=\"25\" height=\"25\" \/><\/span><\/a><\/h3>\n<h3 style=\"text-align: center;\"><a href=\"https:\/\/ealujan-bue.infd.edu.ar\/sitio\/blog\/\"><span style=\"color: #ffffff;\">NOVEDADES<\/span><\/a><\/h3>\n<p>\u00a0<\/p>\n","protected":false},"excerpt":{"rendered":"<p>Nuestro Instituto forma parte de la DEAR (Direcci\u00f3n de Educaci\u00f3n de Art\u00edstica) Dependiendo de la DGCyE (Direcci\u00f3n General de Cultura y Educaci\u00f3n). A trav\u00e9s de este sitio, comunicaremos novedades, informaci\u00f3n, compartiremos experiencias y brindaremos apoyo y asesoramiento a alumnos y docentes e interesados en formar parte de esta comunidad educativa. \u00a0 \u00a0 \u00a0 \u00a0 \u00a0 &#8230; <a title=\"PAGINA INICIAL\" class=\"read-more\" href=\"https:\/\/ealujan-bue.infd.edu.ar\/sitio\/\" aria-label=\"More on PAGINA INICIAL\">[+]<\/a><\/p>\n","protected":false},"author":1,"featured_media":0,"parent":914,"menu_order":1,"comment_status":"closed","ping_status":"closed","template":"","meta":[],"acf":[],"_links":{"self":[{"href":"https:\/\/ealujan-bue.infd.edu.ar\/sitio\/wp-json\/wp\/v2\/pages\/286"}],"collection":[{"href":"https:\/\/ealujan-bue.infd.edu.ar\/sitio\/wp-json\/wp\/v2\/pages"}],"about":[{"href":"https:\/\/ealujan-bue.infd.edu.ar\/sitio\/wp-json\/wp\/v2\/types\/page"}],"author":[{"embeddable":true,"href":"https:\/\/ealujan-bue.infd.edu.ar\/sitio\/wp-json\/wp\/v2\/users\/1"}],"replies":[{"embeddable":true,"href":"https:\/\/ealujan-bue.infd.edu.ar\/sitio\/wp-json\/wp\/v2\/comments?post=286"}],"version-history":[{"count":1012,"href":"https:\/\/ealujan-bue.infd.edu.ar\/sitio\/wp-json\/wp\/v2\/pages\/286\/revisions"}],"predecessor-version":[{"id":6561,"href":"https:\/\/ealujan-bue.infd.edu.ar\/sitio\/wp-json\/wp\/v2\/pages\/286\/revisions\/6561"}],"up":[{"embeddable":true,"href":"https:\/\/ealujan-bue.infd.edu.ar\/sitio\/wp-json\/wp\/v2\/pages\/914"}],"wp:attachment":[{"href":"https:\/\/ealujan-bue.infd.edu.ar\/sitio\/wp-json\/wp\/v2\/media?parent=286"}],"curies":[{"name":"wp","href":"https:\/\/api.w.org\/{rel}","templated":true}]}}