{"id":2042,"date":"2021-03-18T15:37:39","date_gmt":"2021-03-18T18:37:39","guid":{"rendered":"https:\/\/ealujan-bue.infd.edu.ar\/sitio\/?page_id=2042"},"modified":"2021-08-11T15:39:34","modified_gmt":"2021-08-11T18:39:34","slug":"correlativas-foba-musica","status":"publish","type":"page","link":"https:\/\/ealujan-bue.infd.edu.ar\/sitio\/correlativas-foba-musica\/","title":{"rendered":"Correlativas FOBA Musica"},"content":{"rendered":"<p align=\"center\"><strong>FORMACI\u00d3N B\u00c1SICA PARA J\u00d3VENES Y ADULTOS<\/strong><\/p>\n<p align=\"center\"><strong>(Instrumento \u2013 M\u00fasica Popular)<\/strong><\/p>\n<h3 align=\"center\">CORRELATIVIDADES<\/h3>\n<h3>NIVEL II<\/h3>\n<table border=\"1\" cellspacing=\"0\" cellpadding=\"0\" align=\"center\">\n<tbody>\n<tr>\n<td>\n<p align=\"center\"><strong>ESPACIO CURRICULAR<\/strong><\/p>\n<\/td>\n<td>\n<p align=\"center\"><strong>Requisitos para cursar:<\/strong><\/p>\n<p align=\"center\">(Acreditados al comienzo del Ciclo Lectivo o en condiciones de compensar hasta julio-agosto, por ser correlativos)<\/p>\n<\/td>\n<\/tr>\n<tr>\n<td>Instrumento II<\/td>\n<td>\n<div>Instrumento I<\/div>\n<div>Lenguaje Musical Nivel I<\/div>\n<\/td>\n<\/tr>\n<tr>\n<td>\n<div>Pr\u00e1ctica de conjunto vocal<\/div>\n<div>e instrumental I<\/div>\n<\/td>\n<td>\n<div>Instrumento I<\/div>\n<div>Lenguaje Musical Nivel I<\/div>\n<\/td>\n<\/tr>\n<tr>\n<td>\n<div>Pr\u00e1ctica Coral<\/div>\n<\/td>\n<td>\n<div>Lenguaje Musical Nivel I<\/div>\n<\/td>\n<\/tr>\n<tr>\n<td>\n<div>Lenguaje Musical Nivel II<\/div>\n<\/td>\n<td>\n<div>Lenguaje Musical Nivel I<\/div>\n<\/td>\n<\/tr>\n<tr>\n<td>\n<div>Apreciaci\u00f3n Musical I<\/div>\n<\/td>\n<td>\n<div>Instrumento I<\/div>\n<div>Lenguaje Musical Nivel I<\/div>\n<\/td>\n<\/tr>\n<\/tbody>\n<\/table>\n<div><\/div>\n<div>NIVEL III<\/div>\n<div><\/div>\n<table border=\"1\" cellspacing=\"0\" cellpadding=\"0\" align=\"center\">\n<tbody>\n<tr>\n<td>\n<div align=\"center\"><strong>ESPACIO CURRICULAR<\/strong><\/div>\n<\/td>\n<td>\n<div align=\"center\"><strong>Requisitos para cursar:<\/strong><\/div>\n<div align=\"center\">(Acreditados al comienzo del Ciclo Lectivo o en condiciones de compensar hasta julio-agosto, por ser correlativos)<\/div>\n<\/td>\n<\/tr>\n<tr>\n<td>\n<div>Instrumento III<\/div>\n<\/td>\n<td>\n<div><\/div>\n<div>Instrumento II<\/div>\n<div>Lenguaje Musical Nivel II<\/div>\n<\/td>\n<\/tr>\n<tr>\n<td>\n<div>Instrumento arm\u00f3nico<\/div>\n<\/td>\n<td>\n<div><\/div>\n<div>Lenguaje Musical Nivel II<\/div>\n<\/td>\n<\/tr>\n<tr>\n<td>\n<div>Pr\u00e1ctica de conjunto vocal e instrumental II<\/div>\n<\/td>\n<td>\n<div><\/div>\n<div><\/div>\n<div>Lenguaje Musical Nivel II<\/div>\n<div><\/div>\n<\/td>\n<\/tr>\n<tr>\n<td>\n<div>Lenguaje Musical Nivel III<\/div>\n<\/td>\n<td>\n<div><\/div>\n<div>Lenguaje Musical Nivel II<\/div>\n<\/td>\n<\/tr>\n<tr>\n<td>\n<div>Apreciaci\u00f3n Musical del Lenguaje del Jazz<\/div>\n<\/td>\n<td>\n<div><\/div>\n<div>Apreciaci\u00f3n Musical I<\/div>\n<div>Instrumento II<\/div>\n<div>Lenguaje Musical Nivel II<\/div>\n<\/td>\n<\/tr>\n<tr>\n<td>\n<div>Apreciaci\u00f3n Musical del Lenguaje del Folklore<\/div>\n<\/td>\n<td>\n<div><\/div>\n<div>Apreciaci\u00f3n Musical I<\/div>\n<div>Instrumento II<\/div>\n<div>Lenguaje Musical Nivel II<\/div>\n<\/td>\n<\/tr>\n<tr>\n<td>\n<div>Apreciaci\u00f3n Musical del Lenguaje del Tango<\/div>\n<\/td>\n<td>\n<div><\/div>\n<div>Apreciaci\u00f3n Musical I<\/div>\n<div>Instrumento II<\/div>\n<div>Lenguaje Musical Nivel II<\/div>\n<\/td>\n<\/tr>\n<\/tbody>\n<\/table>\n<div>\n<div align=\"center\"><\/div>\n<\/div>\n","protected":false},"excerpt":{"rendered":"<p>FORMACI\u00d3N B\u00c1SICA PARA J\u00d3VENES Y ADULTOS (Instrumento \u2013 M\u00fasica Popular) CORRELATIVIDADES NIVEL II ESPACIO CURRICULAR Requisitos para cursar: (Acreditados al comienzo del Ciclo Lectivo o en condiciones de compensar hasta julio-agosto, por ser correlativos) Instrumento II Instrumento I Lenguaje Musical Nivel I Pr\u00e1ctica de conjunto vocal e instrumental I Instrumento I Lenguaje Musical Nivel I &#8230; <a title=\"Correlativas FOBA Musica\" class=\"read-more\" href=\"https:\/\/ealujan-bue.infd.edu.ar\/sitio\/correlativas-foba-musica\/\" aria-label=\"More on Correlativas FOBA Musica\">[+]<\/a><\/p>\n","protected":false},"author":337,"featured_media":0,"parent":0,"menu_order":0,"comment_status":"closed","ping_status":"closed","template":"","meta":[],"acf":[],"_links":{"self":[{"href":"https:\/\/ealujan-bue.infd.edu.ar\/sitio\/wp-json\/wp\/v2\/pages\/2042"}],"collection":[{"href":"https:\/\/ealujan-bue.infd.edu.ar\/sitio\/wp-json\/wp\/v2\/pages"}],"about":[{"href":"https:\/\/ealujan-bue.infd.edu.ar\/sitio\/wp-json\/wp\/v2\/types\/page"}],"author":[{"embeddable":true,"href":"https:\/\/ealujan-bue.infd.edu.ar\/sitio\/wp-json\/wp\/v2\/users\/337"}],"replies":[{"embeddable":true,"href":"https:\/\/ealujan-bue.infd.edu.ar\/sitio\/wp-json\/wp\/v2\/comments?post=2042"}],"version-history":[{"count":3,"href":"https:\/\/ealujan-bue.infd.edu.ar\/sitio\/wp-json\/wp\/v2\/pages\/2042\/revisions"}],"predecessor-version":[{"id":3681,"href":"https:\/\/ealujan-bue.infd.edu.ar\/sitio\/wp-json\/wp\/v2\/pages\/2042\/revisions\/3681"}],"wp:attachment":[{"href":"https:\/\/ealujan-bue.infd.edu.ar\/sitio\/wp-json\/wp\/v2\/media?parent=2042"}],"curies":[{"name":"wp","href":"https:\/\/api.w.org\/{rel}","templated":true}]}}